{"id":173,"date":"2025-07-31T10:34:52","date_gmt":"2025-07-31T10:34:52","guid":{"rendered":"https:\/\/eloquent-gagarin.65-108-54-10.plesk.page\/?page_id=173"},"modified":"2025-10-24T07:06:23","modified_gmt":"2025-10-24T07:06:23","slug":"pure-events","status":"publish","type":"page","link":"https:\/\/pureevents.fi\/en\/","title":{"rendered":"Pure Events"},"content":{"rendered":"<section class=\"bde-section-173-100 bde-section\">\n              \n  \n  \n\t    \n      <div class=\"section-background-video\">\n              <video\n          autoplay\n          muted\n                      playsinline\n                                loop\n                          >\n        <source src=\"https:\/\/customer-y98otk4ubqjlo9j7.cloudflarestream.com\/f53e769c2af9f6c69d67a66f9b035357\/downloads\/default.mp4\" type=\"video\/mp4\" \/>\n      <\/video>\n      <\/div>\n\n\n  <div class=\"section-background-overlay\"><\/div>\n\n\n<div class=\"section-container\"><div class=\"bde-div-173-105 bde-div\">\n  \n  \n\t\n\n\n\n<h1 class=\"bde-dual-heading-173-427 bde-dual-heading\">\n\n\n            <span data-style=\"primary\" class=\"dual-heading--primary  \">IT'S GOOD TO BE <\/span>\n\n            <span data-style=\"secondary\" class=\"dual-heading--secondary  \">PURE<\/span>\n\n\n\n<\/h1>\n<\/div><\/div>\n<\/section><section class=\"bde-section-173-110 bde-section\">\n  \n  \n\t\n\n\n\n<div class=\"section-container\"><div class=\"bde-text-173-117 bde-text\">\nPure Events on tapahtumatuotantoon ja br\u00e4ndiaktivointeihin erikoistunut suomalainen yritys, joka suunnittelee ja toteuttaa el\u00e4myksellisi\u00e4 tapahtumia urheilun, viihteen ja kulttuurin parissa. Olemme toimineet tapahtumien ja br\u00e4ndikokemusten parissa vuodesta 2003 l\u00e4htien. \n<\/div><h1 class=\"bde-heading-173-429 bde-heading\">\nPURE EVENTS\n<\/h1><div class=\"bde-text-173-428 bde-text\">\nYli kahden vuosikymmenen aikana olemme toteuttaneet laajan kirjon erilaisia ja erikokoisia tapahtumatuotantoja - aina intiimeist\u00e4 asiakastilaisuuksista ja kiertueista suuriin yleis\u00f6tapahtumiin. Pitk\u00e4 kokemus on opettanut meille, ett\u00e4 onnistunut tapahtuma syntyy vahvasta sis\u00e4lt\u00f6osaamisesta, tarkasta tuotannosta ja ennen kaikkea aidosta kohtaamisesta yleis\u00f6n kanssa.<br><br>Meid\u00e4t tunnetaan laadukkaista, kokonaisvaltaisista konsepteista, joissa n\u00e4m\u00e4 elementit yhdistyv\u00e4t saumattomasti. Rakennamme asiakkaillemme el\u00e4myksi\u00e4, jotka j\u00e4tt\u00e4v\u00e4t j\u00e4ljen sek\u00e4 osallistujien mieleen ett\u00e4 br\u00e4ndin tarinaan.\n<\/div><div class=\"bde-text-173-430 bde-text\">\nREFERENSSIT\n<\/div><\/div>\n<\/section><section class=\"bde-section-173-118 bde-section\">\n  \n  \n\t\n\n\n\n<div class=\"section-container\"><div class=\"bde-columns-173-119 bde-columns\"><div class=\"bde-column-173-120 bde-column\">\n  \n  \n\t\n\n\n\n<div class=\"bde-advancedslider-173-378 bde-advancedslider\">\n<div class=\"breakdance-swiper-wrapper\" data-swiper-id=\"378\">\n  <div class=\"swiper\">\n    <div class=\"swiper-wrapper\">\n      <div class=\"bde-advancedslide-173-379 bde-advancedslide swiper-slide\"><div class=\"advanced-slider__slide\">\r\n  <img decoding=\"async\" class=\"bde-image2-173-137 bde-image2\" src=\"https:\/\/pureevents.fi\/wp-content\/uploads\/2025\/08\/1.png\" loading=\"lazy\" srcset=\"https:\/\/pureevents.fi\/wp-content\/uploads\/2025\/08\/1.png 600w, https:\/\/pureevents.fi\/wp-content\/uploads\/2025\/08\/1-300x300.png 300w, https:\/\/pureevents.fi\/wp-content\/uploads\/2025\/08\/1-150x150.png 150w\" sizes=\"(max-width: 600px) 100vw, 600px\"><div class=\"bde-rich-text-173-138 bde-rich-text breakdance-rich-text-styles\">\n<p>Pond Hockey World Cup<\/p>\n<\/div><div class=\"bde-rich-text-173-435 bde-rich-text breakdance-rich-text-styles\">\n<p>Pure Eventsin oma konsepti - harrastejoukkueille ja kaveriporukoille suunnattu kansainv\u00e4linen j\u00e4\u00e4kiekkotapahtuma, johon osallistuu vuosittain n. 1500 pelaajaa.<\/p>\n<\/div><div class=\"bde-button-173-408 bde-button\">\n        \n    \n    \n    \n    \n            \n                    \n            \n            \n\n    \n    \n    \n    \n    \n    <a class=\"breakdance-link button-atom button-atom--primary bde-button__button\" href=\"https:\/\/pureevents.fi\/pond-hockey-world-cup\/\" target=\"_self\" data-type=\"url\"  >\n\n    \n        <span class=\"button-atom__text\">Lue lis\u00e4\u00e4<\/span>\n\n        \n        \n                <\/a>\n\n    \n\n\n<\/div>\r\n<\/div><\/div><div class=\"bde-advancedslide-173-423 bde-advancedslide swiper-slide\"><div class=\"advanced-slider__slide\">\r\n  <img decoding=\"async\" class=\"bde-image2-173-424 bde-image2\" src=\"https:\/\/pureevents.fi\/wp-content\/uploads\/2025\/08\/6.png\" loading=\"lazy\" srcset=\"https:\/\/pureevents.fi\/wp-content\/uploads\/2025\/08\/6.png 600w, https:\/\/pureevents.fi\/wp-content\/uploads\/2025\/08\/6-300x300.png 300w, https:\/\/pureevents.fi\/wp-content\/uploads\/2025\/08\/6-150x150.png 150w\" sizes=\"(max-width: 600px) 100vw, 600px\"><div class=\"bde-rich-text-173-425 bde-rich-text breakdance-rich-text-styles\">\n<p>NHL<\/p>\n<\/div><div class=\"bde-rich-text-173-436 bde-rich-text breakdance-rich-text-styles\">\n<p>Pure Events vastaa NHL:n Suomessa j\u00e4rjestett\u00e4vien tapahtumakonseptien suunnittelusta ja tuotannosta.<\/p>\n<\/div><div class=\"bde-button-173-426 bde-button\">\n        \n    \n    \n    \n    \n            \n                    \n            \n            \n\n    \n    \n    \n    \n    \n    <a class=\"breakdance-link button-atom button-atom--primary bde-button__button\" href=\"https:\/\/pureevents.fi\/nhl\/\" target=\"_self\" data-type=\"url\"  >\n\n    \n        <span class=\"button-atom__text\">Lue lis\u00e4\u00e4<\/span>\n\n        \n        \n                <\/a>\n\n    \n\n\n<\/div>\r\n<\/div><\/div><div class=\"bde-advancedslide-173-419 bde-advancedslide swiper-slide\"><div class=\"advanced-slider__slide\">\r\n  <img decoding=\"async\" class=\"bde-image2-173-420 bde-image2\" src=\"https:\/\/pureevents.fi\/wp-content\/uploads\/2025\/08\/7.png\" loading=\"lazy\" srcset=\"https:\/\/pureevents.fi\/wp-content\/uploads\/2025\/08\/7.png 600w, https:\/\/pureevents.fi\/wp-content\/uploads\/2025\/08\/7-300x300.png 300w, https:\/\/pureevents.fi\/wp-content\/uploads\/2025\/08\/7-150x150.png 150w\" sizes=\"(max-width: 600px) 100vw, 600px\"><div class=\"bde-rich-text-173-421 bde-rich-text breakdance-rich-text-styles\">\n<p>Finnkino<\/p>\n<\/div><div class=\"bde-rich-text-173-437 bde-rich-text breakdance-rich-text-styles\">\n<p>Pure Events huolehtii Finnkinon kaikissa teattereissa k\u00e4ytett\u00e4vien markkinointimateriaalien suunnittelusta ja tuotannosta sek\u00e4 toteuttaa kutsuvierasn\u00e4yt\u00f6sten mediatuotantoja.<\/p>\n<\/div><div class=\"bde-button-173-422 bde-button\">\n        \n    \n    \n    \n    \n            \n                    \n            \n            \n\n    \n    \n    \n    \n    \n    <a class=\"breakdance-link button-atom button-atom--primary bde-button__button\" href=\"#\" target=\"_blank\" data-type=\"url\"  >\n\n    \n        <span class=\"button-atom__text\">Lue lis\u00e4\u00e4<\/span>\n\n        \n        \n                <\/a>\n\n    \n\n\n<\/div>\r\n<\/div><\/div><div class=\"bde-advancedslide-173-407 bde-advancedslide swiper-slide\"><div class=\"advanced-slider__slide\">\r\n  <img decoding=\"async\" class=\"bde-image2-173-140 bde-image2\" src=\"https:\/\/pureevents.fi\/wp-content\/uploads\/2025\/08\/2.png\" loading=\"lazy\" srcset=\"https:\/\/pureevents.fi\/wp-content\/uploads\/2025\/08\/2.png 600w, https:\/\/pureevents.fi\/wp-content\/uploads\/2025\/08\/2-300x300.png 300w, https:\/\/pureevents.fi\/wp-content\/uploads\/2025\/08\/2-150x150.png 150w\" sizes=\"(max-width: 600px) 100vw, 600px\"><div class=\"bde-rich-text-173-141 bde-rich-text breakdance-rich-text-styles\">\n<p>OUTLOUD<\/p>\n<\/div><div class=\"bde-rich-text-173-438 bde-rich-text breakdance-rich-text-styles\">\n<p>Pure Eventsin oma konsepti - musiikkitapahtuma, joka kokoaa yhteen suomalaisen rap-kulttuurin keskeisimm\u00e4t elementit.<\/p>\n<\/div><div class=\"bde-button-173-412 bde-button\">\n        \n    \n    \n    \n    \n            \n                    \n            \n            \n\n    \n    \n    \n    \n    \n    <a class=\"breakdance-link button-atom button-atom--primary bde-button__button\" href=\"https:\/\/pureevents.fi\/outloud\/\" target=\"_self\" data-type=\"url\"  >\n\n    \n        <span class=\"button-atom__text\">Lue lis\u00e4\u00e4<\/span>\n\n        \n        \n                <\/a>\n\n    \n\n\n<\/div>\r\n<\/div><\/div><div class=\"bde-advancedslide-173-404 bde-advancedslide swiper-slide\"><div class=\"advanced-slider__slide\">\r\n  <img decoding=\"async\" class=\"bde-image2-173-143 bde-image2\" src=\"https:\/\/pureevents.fi\/wp-content\/uploads\/2025\/08\/3.png\" loading=\"lazy\" srcset=\"https:\/\/pureevents.fi\/wp-content\/uploads\/2025\/08\/3.png 600w, https:\/\/pureevents.fi\/wp-content\/uploads\/2025\/08\/3-300x300.png 300w, https:\/\/pureevents.fi\/wp-content\/uploads\/2025\/08\/3-150x150.png 150w\" sizes=\"(max-width: 600px) 100vw, 600px\"><div class=\"bde-rich-text-173-144 bde-rich-text breakdance-rich-text-styles\">\n<p>St Hockey Tour<\/p>\n<\/div><div class=\"bde-rich-text-173-439 bde-rich-text breakdance-rich-text-styles\">\n<p>Pure Eventsin oma konsepti - vuodesta 2004 j\u00e4rjestetty katul\u00e4tk\u00e4n SM-kiertue, johon osallistuu vuosittain n. 200 joukkuetta.<\/p>\n<\/div><div class=\"bde-button-173-411 bde-button\">\n        \n    \n    \n    \n    \n            \n                    \n            \n            \n\n    \n    \n    \n    \n    \n    <a class=\"breakdance-link button-atom button-atom--primary bde-button__button\" href=\"https:\/\/pureevents.fi\/st-hockey\/\" target=\"_self\" data-type=\"url\"  >\n\n    \n        <span class=\"button-atom__text\">Lue lis\u00e4\u00e4<\/span>\n\n        \n        \n                <\/a>\n\n    \n\n\n<\/div>\r\n<\/div><\/div><div class=\"bde-advancedslide-173-401 bde-advancedslide swiper-slide\"><div class=\"advanced-slider__slide\">\r\n  <img decoding=\"async\" class=\"bde-image2-173-134 bde-image2\" src=\"https:\/\/pureevents.fi\/wp-content\/uploads\/2025\/08\/4.png\" loading=\"lazy\" srcset=\"https:\/\/pureevents.fi\/wp-content\/uploads\/2025\/08\/4.png 600w, https:\/\/pureevents.fi\/wp-content\/uploads\/2025\/08\/4-300x300.png 300w, https:\/\/pureevents.fi\/wp-content\/uploads\/2025\/08\/4-150x150.png 150w\" sizes=\"(max-width: 600px) 100vw, 600px\"><div class=\"bde-rich-text-173-135 bde-rich-text breakdance-rich-text-styles\">\n<p>Reactio<\/p>\n<\/div><div class=\"bde-rich-text-173-440 bde-rich-text breakdance-rich-text-styles\">\n<p>Monipuolinen urheiluun, viihteeseen ja kulttuuriin keskittynyt urheilu- ja viihdemedia.<\/p>\n<\/div><div class=\"bde-button-173-410 bde-button\">\n        \n    \n    \n    \n    \n            \n                    \n            \n            \n\n    \n    \n    \n    \n    \n    <a class=\"breakdance-link button-atom button-atom--primary bde-button__button\" href=\"https:\/\/pureevents.fi\/reactio-media\/\" target=\"_self\" data-type=\"url\"  >\n\n    \n        <span class=\"button-atom__text\">Lue lis\u00e4\u00e4<\/span>\n\n        \n        \n                <\/a>\n\n    \n\n\n<\/div>\r\n<\/div><\/div><div class=\"bde-advancedslide-173-398 bde-advancedslide swiper-slide\"><div class=\"advanced-slider__slide\">\r\n  <img decoding=\"async\" class=\"bde-image2-173-131 bde-image2\" src=\"https:\/\/pureevents.fi\/wp-content\/uploads\/2025\/08\/5.png\" loading=\"lazy\" srcset=\"https:\/\/pureevents.fi\/wp-content\/uploads\/2025\/08\/5.png 600w, https:\/\/pureevents.fi\/wp-content\/uploads\/2025\/08\/5-300x300.png 300w, https:\/\/pureevents.fi\/wp-content\/uploads\/2025\/08\/5-150x150.png 150w\" sizes=\"(max-width: 600px) 100vw, 600px\"><div class=\"bde-rich-text-173-132 bde-rich-text breakdance-rich-text-styles\">\n<p>SportsGamer<\/p>\n<\/div><div class=\"bde-rich-text-173-441 bde-rich-text breakdance-rich-text-styles\">\n<p>SportsGamer on Euroopan suurin NHL-peliyhteis\u00f6 ja digitaalinen alusta, joka j\u00e4rjest\u00e4\u00e4 turnauksia, striimej\u00e4 ja online-aktiviteetteja ymp\u00e4ri vuoden.\u00a0<\/p>\n<\/div><div class=\"bde-button-173-409 bde-button\">\n        \n    \n    \n    \n    \n            \n                    \n            \n            \n\n    \n    \n    \n    \n    \n    <a class=\"breakdance-link button-atom button-atom--primary bde-button__button\" href=\"https:\/\/pureevents.fi\/sportsgamer\/\" target=\"_self\" data-type=\"url\"  >\n\n    \n        <span class=\"button-atom__text\">Lue lis\u00e4\u00e4<\/span>\n\n        \n        \n                <\/a>\n\n    \n\n\n<\/div>\r\n<\/div><\/div><div class=\"bde-advancedslide-173-431 bde-advancedslide swiper-slide\"><div class=\"advanced-slider__slide\">\r\n  <img decoding=\"async\" class=\"bde-image2-173-432 bde-image2\" src=\"https:\/\/pureevents.fi\/wp-content\/uploads\/2025\/08\/pure_pikkukuvakkeet.png\" loading=\"lazy\" srcset=\"https:\/\/pureevents.fi\/wp-content\/uploads\/2025\/08\/pure_pikkukuvakkeet.png 600w, https:\/\/pureevents.fi\/wp-content\/uploads\/2025\/08\/pure_pikkukuvakkeet-300x300.png 300w, https:\/\/pureevents.fi\/wp-content\/uploads\/2025\/08\/pure_pikkukuvakkeet-150x150.png 150w\" sizes=\"(max-width: 600px) 100vw, 600px\"><div class=\"bde-rich-text-173-433 bde-rich-text breakdance-rich-text-styles\">\n<p>European Masters Games<\/p>\n<\/div><div class=\"bde-rich-text-173-442 bde-rich-text breakdance-rich-text-styles\">\n<p>Vuonna 2023 Pure Events vastasi European Masters Gamesin fanialueen kokonaisuudesta Tampereella, luoden osallistujille ja yleis\u00f6lle monipuolisia aktiviteetteja ja el\u00e4myksi\u00e4.<\/p>\n<\/div><div class=\"bde-button-173-434 bde-button\">\n        \n    \n    \n    \n    \n            \n                    \n            \n            \n\n    \n    \n    \n    \n    \n    <a class=\"breakdance-link button-atom button-atom--primary bde-button__button\" href=\"https:\/\/pureevents.fi\/european-masters-games\/\" target=\"_self\" data-type=\"url\"  >\n\n    \n        <span class=\"button-atom__text\">Lue lis\u00e4\u00e4<\/span>\n\n        \n        \n                <\/a>\n\n    \n\n\n<\/div>\r\n<\/div><\/div>\n    <\/div>\n  <\/div>\n\n              <div class=\"swiper-button-prev\">\n            \n        <\/div>\n        <div class=\"swiper-button-next\">\n            \n        <\/div>\n    \n            <div class=\"swiper-pagination\"><\/div>\n    \n<\/div>\n\n<\/div>\n<\/div><\/div><\/div>\n<\/section><section class=\"bde-section-173-310 bde-section\">\n  \n  \n\t\n\n\n\n<div class=\"section-container\"><div class=\"bde-columns-173-413 bde-columns\"><div class=\"bde-column-173-414 bde-column\">\n  \n  \n\t\n\n\n\n<h2 class=\"bde-heading-173-417 bde-heading\">\nOTA YHTEYTT\u00c4\n<\/h2><div class=\"bde-columns-173-444 bde-columns\"><div class=\"bde-column-173-445 bde-column\">\n  \n  \n\t\n\n\n\n<div class=\"bde-grid-173-343 bde-grid\">\n  \n  \n\t\n\n\n\n<div class=\"bde-div-173-353 bde-div\">\n  \n  \n\t\n\n\n\n<div class=\"bde-text-173-354 bde-text\">\nOSOITE:\n<\/div><div class=\"bde-text-173-355 bde-text\">\nOlarinluoma 16, 02200 Espoo\n<\/div>\n<\/div><div class=\"bde-div-173-350 bde-div\">\n  \n  \n\t\n\n\n\n<div class=\"bde-text-173-351 bde-text\">\nEMAIL:\n<\/div><div class=\"bde-text-173-352 bde-text\">\ninfo@pureevents.fi\n<\/div>\n<\/div><div class=\"bde-div-173-347 bde-div\">\n  \n  \n\t\n\n\n\n<div class=\"bde-text-173-348 bde-text\">\nSOSIAALINEN MEDIA:\n<\/div><div class=\"bde-social-icons-173-357 bde-social-icons\">\n                  \n            \n            \n\n    \n    \n    \n    \n    \n    <a class=\"breakdance-link bde-social-icons__icon-wrapper bde-social-icons__icon-facebook\" href=\"https:\/\/www.facebook.com\/share\/1Bgih1znWW\/?mibextid=wwXIfr\" target=\"_self\" data-type=\"url\" aria-label=\"facebook\" rel=\"nofollow noopener\">\n\n             <svg xmlns=\"http:\/\/www.w3.org\/2000\/svg\" width=\"100%\" viewBox=\"0 0 24 24\">\n            <path d=\"M9 8h-3v4h3v12h5v-12h3.642l.358-4h-4v-1.667c0-.955.192-1.333 1.115-1.333h2.885v-5h-3.808c-3.596 0-5.192 1.583-5.192 4.615v3.385z\"\/>\n       <\/svg>\n              <\/a>\n\n                    \n            \n            \n\n    \n    \n    \n    \n    \n    <a class=\"breakdance-link bde-social-icons__icon-wrapper bde-social-icons__icon-instagram\" href=\"https:\/\/www.instagram.com\/pure_events_oy?igsh=ajZjaDBzbmQyNDBy\" target=\"_self\" data-type=\"url\" aria-label=\"instagram\" rel=\"nofollow noopener\">\n\n             <svg xmlns=\"http:\/\/www.w3.org\/2000\/svg\" width=\"100%\" viewBox=\"0 0 24 24\">\n            <path d=\"M12 2.163c3.204 0 3.584.012 4.85.07 3.252.148 4.771 1.691 4.919 4.919.058 1.265.069 1.645.069 4.849 0 3.205-.012 3.584-.069 4.849-.149 3.225-1.664 4.771-4.919 4.919-1.266.058-1.644.07-4.85.07-3.204 0-3.584-.012-4.849-.07-3.26-.149-4.771-1.699-4.919-4.92-.058-1.265-.07-1.644-.07-4.849 0-3.204.013-3.583.07-4.849.149-3.227 1.664-4.771 4.919-4.919 1.266-.057 1.645-.069 4.849-.069zm0-2.163c-3.259 0-3.667.014-4.947.072-4.358.2-6.78 2.618-6.98 6.98-.059 1.281-.073 1.689-.073 4.948 0 3.259.014 3.668.072 4.948.2 4.358 2.618 6.78 6.98 6.98 1.281.058 1.689.072 4.948.072 3.259 0 3.668-.014 4.948-.072 4.354-.2 6.782-2.618 6.979-6.98.059-1.28.073-1.689.073-4.948 0-3.259-.014-3.667-.072-4.947-.196-4.354-2.617-6.78-6.979-6.98-1.281-.059-1.69-.073-4.949-.073zm0 5.838c-3.403 0-6.162 2.759-6.162 6.162s2.759 6.163 6.162 6.163 6.162-2.759 6.162-6.163c0-3.403-2.759-6.162-6.162-6.162zm0 10.162c-2.209 0-4-1.79-4-4 0-2.209 1.791-4 4-4s4 1.791 4 4c0 2.21-1.791 4-4 4zm6.406-11.845c-.796 0-1.441.645-1.441 1.44s.645 1.44 1.441 1.44c.795 0 1.439-.645 1.439-1.44s-.644-1.44-1.439-1.44z\"\/>\n       <\/svg>\n              <\/a>\n\n                    \n            \n            \n\n    \n    \n    \n    \n    \n    <a class=\"breakdance-link bde-social-icons__icon-wrapper bde-social-icons__icon-linkedin\" href=\"https:\/\/www.linkedin.com\/company\/pure-events-oy\/\" target=\"_self\" data-type=\"url\" aria-label=\"linkedin\" rel=\"nofollow noopener\">\n\n             <svg xmlns=\"http:\/\/www.w3.org\/2000\/svg\" width=\"100%\" viewBox=\"-4 -2 32 32\">\n            <path d=\"M4.98 3.5c0 1.381-1.11 2.5-2.48 2.5s-2.48-1.119-2.48-2.5c0-1.38 1.11-2.5 2.48-2.5s2.48 1.12 2.48 2.5zm.02 4.5h-5v16h5v-16zm7.982 0h-4.968v16h4.969v-8.399c0-4.67 6.029-5.052 6.029 0v8.399h4.988v-10.131c0-7.88-8.922-7.593-11.018-3.714v-2.155z\"\/>\n       <\/svg>\n              <\/a>\n\n                    \n            \n            \n\n    \n    \n    \n    \n    \n    <a class=\"breakdance-link bde-social-icons__icon-wrapper bde-social-icons__icon-youtube\" href=\"https:\/\/youtube.com\/@pureeventsoy?si=fuTRvsWHZS-fV7wE\" target=\"_self\" data-type=\"url\" aria-label=\"youtube\" rel=\"nofollow noopener\">\n\n             <svg xmlns=\"http:\/\/www.w3.org\/2000\/svg\" width=\"100%\" viewBox=\"0 0 24 24\">\n            <path d=\"M19.615 3.184c-3.604-.246-11.631-.245-15.23 0-3.897.266-4.356 2.62-4.385 8.816.029 6.185.484 8.549 4.385 8.816 3.6.245 11.626.246 15.23 0 3.897-.266 4.356-2.62 4.385-8.816-.029-6.185-.484-8.549-4.385-8.816zm-10.615 12.816v-8l8 3.993-8 4.007z\"\/>\n       <\/svg>\n              <\/a>\n\n    \n<\/div>\n<\/div>\n<\/div>\n<\/div><div class=\"bde-column-173-446 bde-column\">\n  \n  \n\t\n\n\n\n<div class=\"bde-form-builder-173-416 bde-form-builder\">\n\n<form id=\"contact-form416\" class=\"breakdance-form breakdance-form--vertical\" data-options=\"{&quot;slug&quot;:&quot;custom&quot;,&quot;name&quot;:&quot;Contact Form&quot;,&quot;ajaxUrl&quot;:&quot;https:\\\/\\\/pureevents.fi\\\/wp-admin\\\/admin-ajax.php&quot;,&quot;clearOnSuccess&quot;:true,&quot;hideOnSuccess&quot;:false,&quot;successMessage&quot;:&quot;Viesti l\\u00e4hetetty&quot;,&quot;errorMessage&quot;:&quot;Error&quot;,&quot;redirect&quot;:false,&quot;redirectUrl&quot;:&quot;&quot;,&quot;customJavaScript&quot;:&quot;&quot;,&quot;recaptcha&quot;:{&quot;key&quot;:&quot;&quot;,&quot;enabled&quot;:false},&quot;honeypot_enabled&quot;:false,&quot;popupsOnSuccess&quot;:[],&quot;popupsOnError&quot;:[]}\" data-steps=\"0\" >\n  \n  \n  \n<div class=\"breakdance-form-field breakdance-form-field--text\" >\n    \n    \n            <label class=\"breakdance-form-field__label\" for=\"name\">\n            Nimi<span class=\"breakdance-form-field__required\">*<\/span>\n        <\/label>\n    \n    <input\n    class=\"breakdance-form-field__input\"\n    id=\"name\"\n    aria-describedby=\"name\"\n    type=\"text\"\n    name=\"fields[name]\"\n    placeholder=\"\"\n    value=\"\"\n                \n        \n        \n    required\n    \n    \n    \n    \n    \n>\n\n\n    \n    \n<\/div>\n\n\n<div class=\"breakdance-form-field breakdance-form-field--email\" >\n    \n    \n            <label class=\"breakdance-form-field__label\" for=\"email\">\n            S\u00e4hk\u00f6posti<span class=\"breakdance-form-field__required\">*<\/span>\n        <\/label>\n    \n    <input\n    class=\"breakdance-form-field__input\"\n    id=\"email\"\n    aria-describedby=\"email\"\n    type=\"email\"\n    name=\"fields[email]\"\n    placeholder=\"\"\n    value=\"\"\n                \n        \n        \n    required\n    \n    \n    \n    \n    \n>\n\n\n    \n    \n<\/div>\n\n\n<div class=\"breakdance-form-field breakdance-form-field--textarea\" >\n    \n    \n            <label class=\"breakdance-form-field__label\" for=\"message\">\n            Viesti<span class=\"breakdance-form-field__required\">*<\/span>\n        <\/label>\n    \n    <textarea\n    class=\"breakdance-form-field__input\"\n    id=\"message\"\n    aria-describedby=\"message\"\n    type=\"textarea\"\n    name=\"fields[message]\"\n        placeholder=\"\"\n    required\n    \n    \n    >\n<\/textarea>\n\n\n    \n    \n<\/div><div class=\"breakdance-form-field breakdance-form-footer\">    \n    \n    \n    \n    \n            \n            <button type=\"submit\" class=\"button-atom button-atom--primary breakdance-form-button breakdance-form-button__submit\"  >\n    \n        <span class=\"button-atom__text\">L\u00e4het\u00e4<\/span>\n\n        \n        \n            <\/button>\n    \n    <input type=\"hidden\" name=\"form_id\" value=\"416\">\n    <input type=\"hidden\" name=\"post_id\" value=\"173\">\n<\/div>\n\n  \n<\/form>\n\n\n<\/div>\n<\/div><\/div>\n<\/div><\/div><\/div>\n<\/section>","protected":false},"excerpt":{"rendered":"<p>IT&#8217;S GOOD TO BE PURE Pure Events on tapahtumatuotantoon ja br\u00e4ndiaktivointeihin erikoistunut suomalainen yritys, joka suunnittelee ja toteuttaa el\u00e4myksellisi\u00e4 tapahtumia urheilun, viihteen ja kulttuurin parissa. Olemme toimineet tapahtumien ja br\u00e4ndikokemusten parissa vuodesta 2003 l\u00e4htien. PURE EVENTS Yli kahden vuosikymmenen aikana olemme toteuttaneet laajan kirjon erilaisia ja erikokoisia tapahtumatuotantoja &#8211; aina intiimeist\u00e4 asiakastilaisuuksista ja kiertueista suuriin [&hellip;]<\/p>\n","protected":false},"author":1,"featured_media":0,"parent":0,"menu_order":0,"comment_status":"closed","ping_status":"closed","template":"","meta":{"_breakdance_hide_in_design_set":false,"_breakdance_tags":"","footnotes":""},"class_list":["post-173","page","type-page","status-publish","hentry"],"_links":{"self":[{"href":"https:\/\/pureevents.fi\/en\/wp-json\/wp\/v2\/pages\/173","targetHints":{"allow":["GET"]}}],"collection":[{"href":"https:\/\/pureevents.fi\/en\/wp-json\/wp\/v2\/pages"}],"about":[{"href":"https:\/\/pureevents.fi\/en\/wp-json\/wp\/v2\/types\/page"}],"author":[{"embeddable":true,"href":"https:\/\/pureevents.fi\/en\/wp-json\/wp\/v2\/users\/1"}],"replies":[{"embeddable":true,"href":"https:\/\/pureevents.fi\/en\/wp-json\/wp\/v2\/comments?post=173"}],"version-history":[{"count":95,"href":"https:\/\/pureevents.fi\/en\/wp-json\/wp\/v2\/pages\/173\/revisions"}],"predecessor-version":[{"id":695,"href":"https:\/\/pureevents.fi\/en\/wp-json\/wp\/v2\/pages\/173\/revisions\/695"}],"wp:attachment":[{"href":"https:\/\/pureevents.fi\/en\/wp-json\/wp\/v2\/media?parent=173"}],"curies":[{"name":"wp","href":"https:\/\/api.w.org\/{rel}","templated":true}]}}