{"id":262,"date":"2025-08-06T08:28:51","date_gmt":"2025-08-06T08:28:51","guid":{"rendered":"https:\/\/eloquent-gagarin.65-108-54-10.plesk.page\/?page_id=262"},"modified":"2025-09-10T08:36:31","modified_gmt":"2025-09-10T08:36:31","slug":"pond-hockey-world-cup","status":"publish","type":"page","link":"https:\/\/pureevents.fi\/en\/pond-hockey-world-cup\/","title":{"rendered":"Pond Hockey World Cup"},"content":{"rendered":"<section class=\"bde-section-262-112 bde-section\">\n              \n  \n  \n\t    \n      <div class=\"section-background-video\">\n              <video\n          autoplay\n          muted\n                      playsinline\n                                loop\n                          >\n        <source src=\"https:\/\/customer-y98otk4ubqjlo9j7.cloudflarestream.com\/23a0bf2e431c8715c36ac2dad9ab3422\/downloads\/default.mp4\" type=\"video\/mp4\" \/>\n      <\/video>\n      <\/div>\n\n\n  <div class=\"section-background-overlay\"><\/div>\n\n\n<div class=\"section-container\"><div class=\"bde-div-262-113 bde-div\">\n  \n  \n\t\n\n\n\n<h1 class=\"bde-heading-262-105 bde-heading\">\nPOND HOCKEY WORLD CUP\n<\/h1>\n<\/div><\/div>\n<\/section><section class=\"bde-section-262-100 bde-section\">\n  \n  \n\t\n\n\n\n<div class=\"section-container\"><div class=\"bde-text-262-124 bde-text\">\nPond Hockey World Cup on kansainv\u00e4linen pipol\u00e4tk\u00e4turnaus, joka kokoaa yhteen harrastajia ja intohimoisia pelureita eri puolilta maailmaa.\n<\/div><div class=\"bde-text-262-125 bde-text\">\nPOND HOCKEY WORLD CUP\n<\/div><div class=\"bde-text-262-126 bde-text\">\nTapahtuma juhlistaa j\u00e4\u00e4kiekon juuria - ulkoj\u00e4\u00e4ll\u00e4, rennossa mutta kilpailullisessa tunnelmassa. Turnaus tunnetaan ainutlaatuisesta yhteishengest\u00e4, kovista<br>peleist\u00e4 ja unohtumattomasta talvitapahtumafiiliksest\u00e4.\n<\/div><div class=\"bde-text-262-121 bde-text\">\nPond Hockey World Cup rakentaa pipol\u00e4tk\u00e4\u00e4n ja j\u00e4\u00e4kiekkokulttuuriin pohjautuvia el\u00e4myksi\u00e4 yhdess\u00e4 eri br\u00e4ndien kanssa. Kumppanuudet tuovat turnaukseen lis\u00e4arvoa ja mahdollistavat pelaajille ja yleis\u00f6lle uusia el\u00e4myksellisi\u00e4 kokemuksia - niin pelitapahtumien, aktivointien kuin sis\u00e4lt\u00f6yhteisty\u00f6n kautta.<br><br>Haluatko br\u00e4ndisi mukaan osaksi Pond Hockey World Cupia? Tutustu kumppanuusmahdollisuuksiin 'Sponsorointi & Kumppanuudet' -sivulta.\n<\/div><\/div>\n<\/section><section class=\"bde-section-262-110 bde-section\">\n  \n  \n\t\n\n\n\n<div class=\"section-container\"><div class=\"bde-icon-list-262-127 bde-icon-list\">\n<ul>\n  \n              \n    <li>\n                      \n            \n            \n\n    \n    \n    \n    \n    \n    <a class=\"breakdance-link bde-icon-list__item-wrapper\" href=\"https:\/\/www.tiktok.com\/@pondhockey_worldcup\" target=\"_self\" data-type=\"url\" rel=\"nofollow noopener\">\n\n      \n      <span class='bde-icon-list__icon' aria-hidden='true'>\n        <svg xmlns=\"http:\/\/www.w3.org\/2000\/svg\" viewBox=\"0 0 448 512\"><!--! Font Awesome Free 6.5.1 by @fontawesome - https:\/\/fontawesome.com License - https:\/\/fontawesome.com\/license\/free (Icons: CC BY 4.0, Fonts: SIL OFL 1.1, Code: MIT License) Copyright 2023 Fonticons, Inc. --><path d=\"M448,209.91a210.06,210.06,0,0,1-122.77-39.25V349.38A162.55,162.55,0,1,1,185,188.31V278.2a74.62,74.62,0,1,0,52.23,71.18V0l88,0a121.18,121.18,0,0,0,1.86,22.17h0A122.18,122.18,0,0,0,381,102.39a121.43,121.43,0,0,0,67,20.14Z\"\/><\/svg>\n      <\/span>\n      <span class='bde-icon-list__text' >\n      Pond Hockey World Cup - TikTok\n      <\/span>\n                  <\/a>\n\n      \n    <\/li>\n\n  \n              \n    <li>\n                      \n            \n            \n\n    \n    \n    \n    \n    \n    <a class=\"breakdance-link bde-icon-list__item-wrapper\" href=\"https:\/\/www.instagram.com\/pondhockey_worldcup\/?hl=fi\" target=\"_self\" data-type=\"url\" rel=\"nofollow noopener\">\n\n      \n      <span class='bde-icon-list__icon' aria-hidden='true'>\n        <svg xmlns=\"http:\/\/www.w3.org\/2000\/svg\" id=\"icon-instagram\" viewBox=\"0 0 32 32\">\n<path d=\"M16 2.881c4.275 0 4.781 0.019 6.462 0.094 1.563 0.069 2.406 0.331 2.969 0.55 0.744 0.288 1.281 0.638 1.837 1.194 0.563 0.563 0.906 1.094 1.2 1.838 0.219 0.563 0.481 1.412 0.55 2.969 0.075 1.688 0.094 2.194 0.094 6.463s-0.019 4.781-0.094 6.463c-0.069 1.563-0.331 2.406-0.55 2.969-0.288 0.744-0.637 1.281-1.194 1.837-0.563 0.563-1.094 0.906-1.837 1.2-0.563 0.219-1.413 0.481-2.969 0.55-1.688 0.075-2.194 0.094-6.463 0.094s-4.781-0.019-6.463-0.094c-1.563-0.069-2.406-0.331-2.969-0.55-0.744-0.288-1.281-0.637-1.838-1.194-0.563-0.563-0.906-1.094-1.2-1.837-0.219-0.563-0.481-1.413-0.55-2.969-0.075-1.688-0.094-2.194-0.094-6.463s0.019-4.781 0.094-6.463c0.069-1.563 0.331-2.406 0.55-2.969 0.288-0.744 0.638-1.281 1.194-1.838 0.563-0.563 1.094-0.906 1.838-1.2 0.563-0.219 1.412-0.481 2.969-0.55 1.681-0.075 2.188-0.094 6.463-0.094zM16 0c-4.344 0-4.887 0.019-6.594 0.094-1.7 0.075-2.869 0.35-3.881 0.744-1.056 0.412-1.95 0.956-2.837 1.85-0.894 0.888-1.438 1.781-1.85 2.831-0.394 1.019-0.669 2.181-0.744 3.881-0.075 1.713-0.094 2.256-0.094 6.6s0.019 4.887 0.094 6.594c0.075 1.7 0.35 2.869 0.744 3.881 0.413 1.056 0.956 1.95 1.85 2.837 0.887 0.887 1.781 1.438 2.831 1.844 1.019 0.394 2.181 0.669 3.881 0.744 1.706 0.075 2.25 0.094 6.594 0.094s4.888-0.019 6.594-0.094c1.7-0.075 2.869-0.35 3.881-0.744 1.050-0.406 1.944-0.956 2.831-1.844s1.438-1.781 1.844-2.831c0.394-1.019 0.669-2.181 0.744-3.881 0.075-1.706 0.094-2.25 0.094-6.594s-0.019-4.887-0.094-6.594c-0.075-1.7-0.35-2.869-0.744-3.881-0.394-1.063-0.938-1.956-1.831-2.844-0.887-0.887-1.781-1.438-2.831-1.844-1.019-0.394-2.181-0.669-3.881-0.744-1.712-0.081-2.256-0.1-6.6-0.1v0z\"\/>\n<path d=\"M16 7.781c-4.537 0-8.219 3.681-8.219 8.219s3.681 8.219 8.219 8.219 8.219-3.681 8.219-8.219c0-4.537-3.681-8.219-8.219-8.219zM16 21.331c-2.944 0-5.331-2.387-5.331-5.331s2.387-5.331 5.331-5.331c2.944 0 5.331 2.387 5.331 5.331s-2.387 5.331-5.331 5.331z\"\/>\n<path d=\"M26.462 7.456c0 1.060-0.859 1.919-1.919 1.919s-1.919-0.859-1.919-1.919c0-1.060 0.859-1.919 1.919-1.919s1.919 0.859 1.919 1.919z\"\/>\n<\/svg>\n      <\/span>\n      <span class='bde-icon-list__text' >\n      Pond Hockey World Cup - Instagram\n      <\/span>\n                  <\/a>\n\n      \n    <\/li>\n\n  \n              \n    <li>\n                      \n            \n            \n\n    \n    \n    \n    \n    \n    <a class=\"breakdance-link bde-icon-list__item-wrapper\" href=\"https:\/\/www.facebook.com\/pondhockeyworldcup\/\" target=\"_self\" data-type=\"url\" rel=\"nofollow noopener\">\n\n      \n      <span class='bde-icon-list__icon' aria-hidden='true'>\n        <svg xmlns=\"http:\/\/www.w3.org\/2000\/svg\" id=\"icon-facebook\" viewBox=\"0 0 32 32\">\n<path d=\"M19 6h5v-6h-5c-3.86 0-7 3.14-7 7v3h-4v6h4v16h6v-16h5l1-6h-6v-3c0-0.542 0.458-1 1-1z\"\/>\n<\/svg>\n      <\/span>\n      <span class='bde-icon-list__text' >\n      Pond Hockey World Cup - Facebook\n      <\/span>\n                  <\/a>\n\n      \n    <\/li>\n\n  \n              \n    <li>\n                      \n            \n            \n\n    \n    \n    \n    \n    \n    <a class=\"breakdance-link bde-icon-list__item-wrapper\" href=\"https:\/\/pondhockey4all.com\/\" target=\"_self\" data-type=\"url\" rel=\"nofollow noopener\">\n\n      \n      <span class='bde-icon-list__icon' aria-hidden='true'>\n        <svg xmlns=\"http:\/\/www.w3.org\/2000\/svg\" viewBox=\"0 0 512 512\"><!--! Font Awesome Free 6.5.1 by @fontawesome - https:\/\/fontawesome.com License - https:\/\/fontawesome.com\/license\/free (Icons: CC BY 4.0, Fonts: SIL OFL 1.1, Code: MIT License) Copyright 2023 Fonticons, Inc. --><path d=\"M352 256c0 22.2-1.2 43.6-3.3 64H163.3c-2.2-20.4-3.3-41.8-3.3-64s1.2-43.6 3.3-64H348.7c2.2 20.4 3.3 41.8 3.3 64zm28.8-64H503.9c5.3 20.5 8.1 41.9 8.1 64s-2.8 43.5-8.1 64H380.8c2.1-20.6 3.2-42 3.2-64s-1.1-43.4-3.2-64zm112.6-32H376.7c-10-63.9-29.8-117.4-55.3-151.6c78.3 20.7 142 77.5 171.9 151.6zm-149.1 0H167.7c6.1-36.4 15.5-68.6 27-94.7c10.5-23.6 22.2-40.7 33.5-51.5C239.4 3.2 248.7 0 256 0s16.6 3.2 27.8 13.8c11.3 10.8 23 27.9 33.5 51.5c11.6 26 20.9 58.2 27 94.7zm-209 0H18.6C48.6 85.9 112.2 29.1 190.6 8.4C165.1 42.6 145.3 96.1 135.3 160zM8.1 192H131.2c-2.1 20.6-3.2 42-3.2 64s1.1 43.4 3.2 64H8.1C2.8 299.5 0 278.1 0 256s2.8-43.5 8.1-64zM194.7 446.6c-11.6-26-20.9-58.2-27-94.6H344.3c-6.1 36.4-15.5 68.6-27 94.6c-10.5 23.6-22.2 40.7-33.5 51.5C272.6 508.8 263.3 512 256 512s-16.6-3.2-27.8-13.8c-11.3-10.8-23-27.9-33.5-51.5zM135.3 352c10 63.9 29.8 117.4 55.3 151.6C112.2 482.9 48.6 426.1 18.6 352H135.3zm358.1 0c-30 74.1-93.6 130.9-171.9 151.6c25.5-34.2 45.2-87.7 55.3-151.6H493.4z\"\/><\/svg>\n      <\/span>\n      <span class='bde-icon-list__text' >\n      Pond Hockey World Cup - Nettisivut\n      <\/span>\n                  <\/a>\n\n      \n    <\/li>\n\n  <\/ul>\n\n<\/div><\/div>\n<\/section><section class=\"bde-section-262-146 bde-section\">\n  \n  \n\t\n\n\n\n<div class=\"section-container\"><div class=\"bde-columns-262-147 bde-columns\"><div class=\"bde-column-262-148 bde-column\">\n  \n  \n\t\n\n\n\n<h2 class=\"bde-heading-262-149 bde-heading\">\nOTA YHTEYTT\u00c4\n<\/h2><div class=\"bde-div-262-150 bde-div\">\n  \n  \n\t\n\n\n\n<div class=\"bde-grid-262-151 bde-grid\">\n  \n  \n\t\n\n\n\n<div class=\"bde-div-262-152 bde-div\">\n  \n  \n\t\n\n\n\n<div class=\"bde-text-262-153 bde-text\">\nOSOITE:\n<\/div><div class=\"bde-text-262-154 bde-text\">\nOlarinluoma 16, 02200 Espoo\n<\/div>\n<\/div><div class=\"bde-div-262-155 bde-div\">\n  \n  \n\t\n\n\n\n<div class=\"bde-text-262-156 bde-text\">\nEMAIL:\n<\/div><div class=\"bde-text-262-157 bde-text\">\ninfo@pureevents.fi\n<\/div>\n<\/div><div class=\"bde-div-262-158 bde-div\">\n  \n  \n\t\n\n\n\n<div class=\"bde-text-262-159 bde-text\">\nSOSIAALINEN MEDIA:\n<\/div><div class=\"bde-social-icons-262-160 bde-social-icons\">\n                  \n            \n            \n\n    \n    \n    \n    \n    \n    <a class=\"breakdance-link bde-social-icons__icon-wrapper bde-social-icons__icon-facebook\" href=\"https:\/\/www.facebook.com\/share\/1Bgih1znWW\/?mibextid=wwXIfr\" target=\"_self\" data-type=\"url\" aria-label=\"facebook\" rel=\"nofollow noopener\">\n\n             <svg xmlns=\"http:\/\/www.w3.org\/2000\/svg\" width=\"100%\" viewBox=\"0 0 24 24\">\n            <path d=\"M9 8h-3v4h3v12h5v-12h3.642l.358-4h-4v-1.667c0-.955.192-1.333 1.115-1.333h2.885v-5h-3.808c-3.596 0-5.192 1.583-5.192 4.615v3.385z\"\/>\n       <\/svg>\n              <\/a>\n\n                    \n            \n            \n\n    \n    \n    \n    \n    \n    <a class=\"breakdance-link bde-social-icons__icon-wrapper bde-social-icons__icon-instagram\" href=\"https:\/\/www.instagram.com\/pure_events_oy?igsh=ajZjaDBzbmQyNDBy\" target=\"_self\" data-type=\"url\" aria-label=\"instagram\" rel=\"nofollow noopener\">\n\n             <svg xmlns=\"http:\/\/www.w3.org\/2000\/svg\" width=\"100%\" viewBox=\"0 0 24 24\">\n            <path d=\"M12 2.163c3.204 0 3.584.012 4.85.07 3.252.148 4.771 1.691 4.919 4.919.058 1.265.069 1.645.069 4.849 0 3.205-.012 3.584-.069 4.849-.149 3.225-1.664 4.771-4.919 4.919-1.266.058-1.644.07-4.85.07-3.204 0-3.584-.012-4.849-.07-3.26-.149-4.771-1.699-4.919-4.92-.058-1.265-.07-1.644-.07-4.849 0-3.204.013-3.583.07-4.849.149-3.227 1.664-4.771 4.919-4.919 1.266-.057 1.645-.069 4.849-.069zm0-2.163c-3.259 0-3.667.014-4.947.072-4.358.2-6.78 2.618-6.98 6.98-.059 1.281-.073 1.689-.073 4.948 0 3.259.014 3.668.072 4.948.2 4.358 2.618 6.78 6.98 6.98 1.281.058 1.689.072 4.948.072 3.259 0 3.668-.014 4.948-.072 4.354-.2 6.782-2.618 6.979-6.98.059-1.28.073-1.689.073-4.948 0-3.259-.014-3.667-.072-4.947-.196-4.354-2.617-6.78-6.979-6.98-1.281-.059-1.69-.073-4.949-.073zm0 5.838c-3.403 0-6.162 2.759-6.162 6.162s2.759 6.163 6.162 6.163 6.162-2.759 6.162-6.163c0-3.403-2.759-6.162-6.162-6.162zm0 10.162c-2.209 0-4-1.79-4-4 0-2.209 1.791-4 4-4s4 1.791 4 4c0 2.21-1.791 4-4 4zm6.406-11.845c-.796 0-1.441.645-1.441 1.44s.645 1.44 1.441 1.44c.795 0 1.439-.645 1.439-1.44s-.644-1.44-1.439-1.44z\"\/>\n       <\/svg>\n              <\/a>\n\n                    \n            \n            \n\n    \n    \n    \n    \n    \n    <a class=\"breakdance-link bde-social-icons__icon-wrapper bde-social-icons__icon-linkedin\" href=\"https:\/\/www.linkedin.com\/company\/pure-events-oy\/\" target=\"_self\" data-type=\"url\" aria-label=\"linkedin\" rel=\"nofollow noopener\">\n\n             <svg xmlns=\"http:\/\/www.w3.org\/2000\/svg\" width=\"100%\" viewBox=\"-4 -2 32 32\">\n            <path d=\"M4.98 3.5c0 1.381-1.11 2.5-2.48 2.5s-2.48-1.119-2.48-2.5c0-1.38 1.11-2.5 2.48-2.5s2.48 1.12 2.48 2.5zm.02 4.5h-5v16h5v-16zm7.982 0h-4.968v16h4.969v-8.399c0-4.67 6.029-5.052 6.029 0v8.399h4.988v-10.131c0-7.88-8.922-7.593-11.018-3.714v-2.155z\"\/>\n       <\/svg>\n              <\/a>\n\n                    \n            \n            \n\n    \n    \n    \n    \n    \n    <a class=\"breakdance-link bde-social-icons__icon-wrapper bde-social-icons__icon-youtube\" href=\"https:\/\/youtube.com\/@pureeventsoy?si=fuTRvsWHZS-fV7wE\" target=\"_self\" data-type=\"url\" aria-label=\"youtube\" rel=\"nofollow noopener\">\n\n             <svg xmlns=\"http:\/\/www.w3.org\/2000\/svg\" width=\"100%\" viewBox=\"0 0 24 24\">\n            <path d=\"M19.615 3.184c-3.604-.246-11.631-.245-15.23 0-3.897.266-4.356 2.62-4.385 8.816.029 6.185.484 8.549 4.385 8.816 3.6.245 11.626.246 15.23 0 3.897-.266 4.356-2.62 4.385-8.816-.029-6.185-.484-8.549-4.385-8.816zm-10.615 12.816v-8l8 3.993-8 4.007z\"\/>\n       <\/svg>\n              <\/a>\n\n    \n<\/div>\n<\/div>\n<\/div>\n<\/div><div class=\"bde-form-builder-262-161 bde-form-builder\">\n\n<form id=\"contact-form161\" class=\"breakdance-form breakdance-form--vertical\" data-options=\"{&quot;slug&quot;:&quot;custom&quot;,&quot;name&quot;:&quot;Contact Form&quot;,&quot;ajaxUrl&quot;:&quot;https:\\\/\\\/pureevents.fi\\\/wp-admin\\\/admin-ajax.php&quot;,&quot;clearOnSuccess&quot;:true,&quot;hideOnSuccess&quot;:false,&quot;successMessage&quot;:&quot;Viesti l\\u00e4hetetty&quot;,&quot;errorMessage&quot;:&quot;Error&quot;,&quot;redirect&quot;:false,&quot;redirectUrl&quot;:&quot;&quot;,&quot;customJavaScript&quot;:&quot;&quot;,&quot;recaptcha&quot;:{&quot;key&quot;:&quot;&quot;,&quot;enabled&quot;:false},&quot;honeypot_enabled&quot;:false,&quot;popupsOnSuccess&quot;:[],&quot;popupsOnError&quot;:[]}\" data-steps=\"0\" >\n  \n  \n  \n<div class=\"breakdance-form-field breakdance-form-field--text\" >\n    \n    \n            <label class=\"breakdance-form-field__label\" for=\"name\">\n            Nimi<span class=\"breakdance-form-field__required\">*<\/span>\n        <\/label>\n    \n    <input\n    class=\"breakdance-form-field__input\"\n    id=\"name\"\n    aria-describedby=\"name\"\n    type=\"text\"\n    name=\"fields[name]\"\n    placeholder=\"\"\n    value=\"\"\n                \n        \n        \n    required\n    \n    \n    \n    \n    \n>\n\n\n    \n    \n<\/div>\n\n\n<div class=\"breakdance-form-field breakdance-form-field--email\" >\n    \n    \n            <label class=\"breakdance-form-field__label\" for=\"email\">\n            S\u00e4hk\u00f6posti<span class=\"breakdance-form-field__required\">*<\/span>\n        <\/label>\n    \n    <input\n    class=\"breakdance-form-field__input\"\n    id=\"email\"\n    aria-describedby=\"email\"\n    type=\"email\"\n    name=\"fields[email]\"\n    placeholder=\"\"\n    value=\"\"\n                \n        \n        \n    required\n    \n    \n    \n    \n    \n>\n\n\n    \n    \n<\/div>\n\n\n<div class=\"breakdance-form-field breakdance-form-field--textarea\" >\n    \n    \n            <label class=\"breakdance-form-field__label\" for=\"message\">\n            Viesti<span class=\"breakdance-form-field__required\">*<\/span>\n        <\/label>\n    \n    <textarea\n    class=\"breakdance-form-field__input\"\n    id=\"message\"\n    aria-describedby=\"message\"\n    type=\"textarea\"\n    name=\"fields[message]\"\n        placeholder=\"\"\n    required\n    \n    \n    >\n<\/textarea>\n\n\n    \n    \n<\/div><div class=\"breakdance-form-field breakdance-form-footer\">    \n    \n    \n    \n    \n            \n            <button type=\"submit\" class=\"button-atom button-atom--primary breakdance-form-button breakdance-form-button__submit\"  >\n    \n        <span class=\"button-atom__text\">L\u00e4het\u00e4<\/span>\n\n        \n        \n            <\/button>\n    \n    <input type=\"hidden\" name=\"form_id\" value=\"161\">\n    <input type=\"hidden\" name=\"post_id\" value=\"262\">\n<\/div>\n\n  \n<\/form>\n\n\n<\/div>\n<\/div><\/div><\/div>\n<\/section>","protected":false},"excerpt":{"rendered":"<p>POND HOCKEY WORLD CUP Pond Hockey World Cup on kansainv\u00e4linen pipol\u00e4tk\u00e4turnaus, joka kokoaa yhteen harrastajia ja intohimoisia pelureita eri puolilta maailmaa. POND HOCKEY WORLD CUP Tapahtuma juhlistaa j\u00e4\u00e4kiekon juuria &#8211; ulkoj\u00e4\u00e4ll\u00e4, rennossa mutta kilpailullisessa tunnelmassa. Turnaus tunnetaan ainutlaatuisesta yhteishengest\u00e4, kovistapeleist\u00e4 ja unohtumattomasta talvitapahtumafiiliksest\u00e4. Pond Hockey World Cup rakentaa pipol\u00e4tk\u00e4\u00e4n ja j\u00e4\u00e4kiekkokulttuuriin pohjautuvia el\u00e4myksi\u00e4 yhdess\u00e4 eri [&hellip;]<\/p>\n","protected":false},"author":1,"featured_media":0,"parent":0,"menu_order":0,"comment_status":"closed","ping_status":"closed","template":"","meta":{"_breakdance_hide_in_design_set":false,"_breakdance_tags":"","footnotes":""},"class_list":["post-262","page","type-page","status-publish","hentry"],"_links":{"self":[{"href":"https:\/\/pureevents.fi\/en\/wp-json\/wp\/v2\/pages\/262","targetHints":{"allow":["GET"]}}],"collection":[{"href":"https:\/\/pureevents.fi\/en\/wp-json\/wp\/v2\/pages"}],"about":[{"href":"https:\/\/pureevents.fi\/en\/wp-json\/wp\/v2\/types\/page"}],"author":[{"embeddable":true,"href":"https:\/\/pureevents.fi\/en\/wp-json\/wp\/v2\/users\/1"}],"replies":[{"embeddable":true,"href":"https:\/\/pureevents.fi\/en\/wp-json\/wp\/v2\/comments?post=262"}],"version-history":[{"count":18,"href":"https:\/\/pureevents.fi\/en\/wp-json\/wp\/v2\/pages\/262\/revisions"}],"predecessor-version":[{"id":683,"href":"https:\/\/pureevents.fi\/en\/wp-json\/wp\/v2\/pages\/262\/revisions\/683"}],"wp:attachment":[{"href":"https:\/\/pureevents.fi\/en\/wp-json\/wp\/v2\/media?parent=262"}],"curies":[{"name":"wp","href":"https:\/\/api.w.org\/{rel}","templated":true}]}}