{"id":288,"date":"2025-08-06T08:30:56","date_gmt":"2025-08-06T08:30:56","guid":{"rendered":"https:\/\/eloquent-gagarin.65-108-54-10.plesk.page\/?page_id=288"},"modified":"2025-09-03T13:24:19","modified_gmt":"2025-09-03T13:24:19","slug":"ota-yhteytta","status":"publish","type":"page","link":"https:\/\/pureevents.fi\/en\/ota-yhteytta\/","title":{"rendered":"Contact us"},"content":{"rendered":"<section class=\"bde-section-288-141 bde-section\">\n  \n  \n\t\n\n\n\n<div class=\"section-container\"><div class=\"bde-div-288-212 bde-div\">\n  \n  \n\t\n\n\n\n<h1 class=\"bde-heading-288-213 bde-heading\">\nOTA YHTEYTT\u00c4\n<\/h1>\n<\/div><div class=\"bde-text-288-194 bde-text\">\nPure Eventsin taustalla toimii kokenut ja monipuolinen tiimi, jolla on pitk\u00e4 kokemus tapahtumatuotannosta, markkinointikampanjoiden suunnittelusta ja konseptoinnista sek\u00e4 br\u00e4ndien el\u00e4myksellisest\u00e4 aktivoinnista. \n<\/div><div class=\"bde-div-288-142 bde-div\">\n  \n  \n\t\n\n\n\n<h1 class=\"bde-heading-288-143 bde-heading\">\nMEID\u00c4N TIIMIMME\n<\/h1><div class=\"bde-text-288-144 bde-text\">\nTiimin vahvuus perustuu luovaan ajatteluun, vahvaan kentt\u00e4osaamiseen ja kykyyn toteuttaa mittavia kokonaisuuksia laadukkaasti alusta loppuun.\n<\/div>\n<\/div><div class=\"bde-grid-288-145 bde-grid\">\n  \n  \n\t\n\n\n\n<div class=\"bde-div-288-146 bde-div\">\n  \n  \n\t\n\n\n\n<div class=\"bde-div-288-147 bde-div\">\n  \n  \n\t\n\n\n\n<img decoding=\"async\" class=\"bde-image2-288-148 bde-image2\" src=\"https:\/\/pureevents.fi\/wp-content\/uploads\/2025\/09\/pure_henksu-1.png\" loading=\"lazy\" srcset=\"https:\/\/pureevents.fi\/wp-content\/uploads\/2025\/09\/pure_henksu-1.png 1080w, https:\/\/pureevents.fi\/wp-content\/uploads\/2025\/09\/pure_henksu-1-240x300.png 240w, https:\/\/pureevents.fi\/wp-content\/uploads\/2025\/09\/pure_henksu-1-819x1024.png 819w, https:\/\/pureevents.fi\/wp-content\/uploads\/2025\/09\/pure_henksu-1-768x960.png 768w\" sizes=\"(max-width: 1080px) 100vw, 1080px\">\n<\/div><div class=\"bde-div-288-149 bde-div\">\n  \n  \n\t\n\n\n\n<div class=\"bde-text-288-150 bde-text\">\nTedy Salutskij\n<\/div><div class=\"bde-text-288-151 bde-text\">\nFounder\n<\/div>\n<\/div>\n<\/div><div class=\"bde-div-288-152 bde-div\">\n  \n  \n\t\n\n\n\n<div class=\"bde-div-288-153 bde-div\">\n  \n  \n\t\n\n\n\n<img decoding=\"async\" class=\"bde-image2-288-154 bde-image2\" src=\"data:image\/svg+xml;charset=UTF-8,%3csvg xmlns=&#039;http:\/\/www.w3.org\/2000\/svg&#039; width=&#039;540&#039; height=&#039;540&#039; viewBox=&#039;0 0 140 140&#039;%3e%3cpath d=&#039;M0 0h140v140H0z&#039; fill=&#039;%23e5e7eb&#039;\/%3e%3cpath d=&#039;M88 82.46H51.8v-4.52l6.74-6.74a1.13 1.13 0 011.6 0l5.23 5.23 12.76-12.77a1.13 1.13 0 011.6 0L88 71.91z&#039; fill=&#039;%23e5e7eb&#039;\/%3e%3cpath d=&#039;M89.48 52.32H50.29a4.52 4.52 0 00-4.52 4.52V84a4.53 4.53 0 004.52 4.52h39.19A4.52 4.52 0 0094 84V56.84a4.52 4.52 0 00-4.52-4.52zm-33.16 5.27a5.28 5.28 0 11-5.27 5.28 5.27 5.27 0 015.27-5.28zM88 82.46H51.8v-4.52l6.74-6.74a1.13 1.13 0 011.6 0l5.23 5.23 12.76-12.77a1.13 1.13 0 011.6 0L88 71.91z&#039; fill=&#039;%23d1d5db&#039;\/%3e%3c\/svg%3e\" loading=\"lazy\">\n<\/div><div class=\"bde-div-288-155 bde-div\">\n  \n  \n\t\n\n\n\n<div class=\"bde-text-288-156 bde-text\">\nCay Salutskij\n<\/div><div class=\"bde-text-288-157 bde-text\">\nFounder\n<\/div>\n<\/div>\n<\/div><div class=\"bde-div-288-158 bde-div\">\n  \n  \n\t\n\n\n\n<div class=\"bde-div-288-159 bde-div\">\n  \n  \n\t\n\n\n\n<img decoding=\"async\" class=\"bde-image2-288-160 bde-image2\" src=\"https:\/\/pureevents.fi\/wp-content\/uploads\/2025\/09\/4.png\" loading=\"lazy\" srcset=\"https:\/\/pureevents.fi\/wp-content\/uploads\/2025\/09\/4.png 1080w, https:\/\/pureevents.fi\/wp-content\/uploads\/2025\/09\/4-240x300.png 240w, https:\/\/pureevents.fi\/wp-content\/uploads\/2025\/09\/4-819x1024.png 819w, https:\/\/pureevents.fi\/wp-content\/uploads\/2025\/09\/4-768x960.png 768w\" sizes=\"(max-width: 1080px) 100vw, 1080px\">\n<\/div><div class=\"bde-div-288-161 bde-div\">\n  \n  \n\t\n\n\n\n<div class=\"bde-text-288-162 bde-text\">\nAnton Harju\n<\/div><div class=\"bde-text-288-163 bde-text\">\nVastaava tuottaja\n<\/div>\n<\/div>\n<\/div><div class=\"bde-div-288-164 bde-div\">\n  \n  \n\t\n\n\n\n<div class=\"bde-div-288-165 bde-div\">\n  \n  \n\t\n\n\n\n<img decoding=\"async\" class=\"bde-image2-288-166 bde-image2\" src=\"https:\/\/pureevents.fi\/wp-content\/uploads\/2025\/09\/pure_henksu.png\" loading=\"lazy\" srcset=\"https:\/\/pureevents.fi\/wp-content\/uploads\/2025\/09\/pure_henksu.png 1080w, https:\/\/pureevents.fi\/wp-content\/uploads\/2025\/09\/pure_henksu-240x300.png 240w, https:\/\/pureevents.fi\/wp-content\/uploads\/2025\/09\/pure_henksu-819x1024.png 819w, https:\/\/pureevents.fi\/wp-content\/uploads\/2025\/09\/pure_henksu-768x960.png 768w\" sizes=\"(max-width: 1080px) 100vw, 1080px\">\n<\/div><div class=\"bde-div-288-167 bde-div\">\n  \n  \n\t\n\n\n\n<div class=\"bde-text-288-168 bde-text\">\nOlivia Valorinta\n<\/div><div class=\"bde-text-288-169 bde-text\">\nTuottaja - Tapahtumat & Content\n<\/div>\n<\/div>\n<\/div><div class=\"bde-div-288-170 bde-div\">\n  \n  \n\t\n\n\n\n<div class=\"bde-div-288-171 bde-div\">\n  \n  \n\t\n\n\n\n<img decoding=\"async\" class=\"bde-image2-288-172 bde-image2\" src=\"https:\/\/pureevents.fi\/wp-content\/uploads\/2025\/09\/5.png\" loading=\"lazy\" srcset=\"https:\/\/pureevents.fi\/wp-content\/uploads\/2025\/09\/5.png 1080w, https:\/\/pureevents.fi\/wp-content\/uploads\/2025\/09\/5-240x300.png 240w, https:\/\/pureevents.fi\/wp-content\/uploads\/2025\/09\/5-819x1024.png 819w, https:\/\/pureevents.fi\/wp-content\/uploads\/2025\/09\/5-768x960.png 768w\" sizes=\"(max-width: 1080px) 100vw, 1080px\">\n<\/div><div class=\"bde-div-288-173 bde-div\">\n  \n  \n\t\n\n\n\n<div class=\"bde-text-288-174 bde-text\">\nKenneth Lehtinen\n<\/div><div class=\"bde-text-288-175 bde-text\">\nGaming & Pelituotannot\n<\/div>\n<\/div>\n<\/div><div class=\"bde-div-288-176 bde-div\">\n  \n  \n\t\n\n\n\n<div class=\"bde-div-288-177 bde-div\">\n  \n  \n\t\n\n\n\n<img decoding=\"async\" class=\"bde-image2-288-178 bde-image2\" src=\"https:\/\/pureevents.fi\/wp-content\/uploads\/2025\/09\/2.png\" loading=\"lazy\" srcset=\"https:\/\/pureevents.fi\/wp-content\/uploads\/2025\/09\/2.png 1080w, https:\/\/pureevents.fi\/wp-content\/uploads\/2025\/09\/2-240x300.png 240w, https:\/\/pureevents.fi\/wp-content\/uploads\/2025\/09\/2-819x1024.png 819w, https:\/\/pureevents.fi\/wp-content\/uploads\/2025\/09\/2-768x960.png 768w\" sizes=\"(max-width: 1080px) 100vw, 1080px\">\n<\/div><div class=\"bde-div-288-179 bde-div\">\n  \n  \n\t\n\n\n\n<div class=\"bde-text-288-180 bde-text\">\nEetu Viinikainen\n<\/div><div class=\"bde-text-288-181 bde-text\">\nVarasto & logistiikka\n<\/div>\n<\/div>\n<\/div><div class=\"bde-div-288-182 bde-div\">\n  \n  \n\t\n\n\n\n<div class=\"bde-div-288-183 bde-div\">\n  \n  \n\t\n\n\n\n<img decoding=\"async\" class=\"bde-image2-288-184 bde-image2\" src=\"https:\/\/pureevents.fi\/wp-content\/uploads\/2025\/09\/1.png\" loading=\"lazy\" srcset=\"https:\/\/pureevents.fi\/wp-content\/uploads\/2025\/09\/1.png 1080w, https:\/\/pureevents.fi\/wp-content\/uploads\/2025\/09\/1-240x300.png 240w, https:\/\/pureevents.fi\/wp-content\/uploads\/2025\/09\/1-819x1024.png 819w, https:\/\/pureevents.fi\/wp-content\/uploads\/2025\/09\/1-768x960.png 768w\" sizes=\"(max-width: 1080px) 100vw, 1080px\">\n<\/div><div class=\"bde-div-288-185 bde-div\">\n  \n  \n\t\n\n\n\n<div class=\"bde-text-288-186 bde-text\">\nSiiri Karjalainen\n<\/div><div class=\"bde-text-288-187 bde-text\">\nApulaisuottaja - Staffing\n<\/div>\n<\/div>\n<\/div><div class=\"bde-div-288-188 bde-div\">\n  \n  \n\t\n\n\n\n<div class=\"bde-div-288-189 bde-div\">\n  \n  \n\t\n\n\n\n<img decoding=\"async\" class=\"bde-image2-288-190 bde-image2\" src=\"https:\/\/pureevents.fi\/wp-content\/uploads\/2025\/09\/3.png\" loading=\"lazy\" srcset=\"https:\/\/pureevents.fi\/wp-content\/uploads\/2025\/09\/3.png 1080w, https:\/\/pureevents.fi\/wp-content\/uploads\/2025\/09\/3-240x300.png 240w, https:\/\/pureevents.fi\/wp-content\/uploads\/2025\/09\/3-819x1024.png 819w, https:\/\/pureevents.fi\/wp-content\/uploads\/2025\/09\/3-768x960.png 768w\" sizes=\"(max-width: 1080px) 100vw, 1080px\">\n<\/div><div class=\"bde-div-288-191 bde-div\">\n  \n  \n\t\n\n\n\n<div class=\"bde-text-288-192 bde-text\">\nEmilia Karjalainen\n<\/div><div class=\"bde-text-288-193 bde-text\">\nApulaistuottaja - Promootiot\n<\/div>\n<\/div>\n<\/div>\n<\/div><\/div>\n<\/section><section class=\"bde-section-288-195 bde-section\">\n  \n  \n\t\n\n\n\n<div class=\"section-container\"><div class=\"bde-columns-288-196 bde-columns\"><div class=\"bde-column-288-197 bde-column\">\n  \n  \n\t\n\n\n\n<h2 class=\"bde-heading-288-198 bde-heading\">\nOTA YHTEYTT\u00c4\n<\/h2><div class=\"bde-div-288-199 bde-div\">\n  \n  \n\t\n\n\n\n<div class=\"bde-grid-288-200 bde-grid\">\n  \n  \n\t\n\n\n\n<div class=\"bde-div-288-201 bde-div\">\n  \n  \n\t\n\n\n\n<div class=\"bde-text-288-202 bde-text\">\nOSOITE:\n<\/div><div class=\"bde-text-288-203 bde-text\">\nOlarinluoma 16, 02200 Espoo\n<\/div>\n<\/div><div class=\"bde-div-288-204 bde-div\">\n  \n  \n\t\n\n\n\n<div class=\"bde-text-288-205 bde-text\">\nEMAIL:\n<\/div><div class=\"bde-text-288-206 bde-text\">\ninfo@pureevents.fi\n<\/div>\n<\/div><div class=\"bde-div-288-207 bde-div\">\n  \n  \n\t\n\n\n\n<div class=\"bde-text-288-208 bde-text\">\nSOSIAALINEN MEDIA:\n<\/div><div class=\"bde-social-icons-288-209 bde-social-icons\">\n                  \n            \n            \n\n    \n    \n    \n    \n    \n    <a class=\"breakdance-link bde-social-icons__icon-wrapper bde-social-icons__icon-facebook\" href=\"https:\/\/www.facebook.com\/share\/1Bgih1znWW\/?mibextid=wwXIfr\" target=\"_self\" data-type=\"url\" aria-label=\"facebook\" rel=\"nofollow noopener\">\n\n             <svg xmlns=\"http:\/\/www.w3.org\/2000\/svg\" width=\"100%\" viewBox=\"0 0 24 24\">\n            <path d=\"M9 8h-3v4h3v12h5v-12h3.642l.358-4h-4v-1.667c0-.955.192-1.333 1.115-1.333h2.885v-5h-3.808c-3.596 0-5.192 1.583-5.192 4.615v3.385z\"\/>\n       <\/svg>\n              <\/a>\n\n                    \n            \n            \n\n    \n    \n    \n    \n    \n    <a class=\"breakdance-link bde-social-icons__icon-wrapper bde-social-icons__icon-instagram\" href=\"https:\/\/www.instagram.com\/pure_events_oy?igsh=ajZjaDBzbmQyNDBy\" target=\"_self\" data-type=\"url\" aria-label=\"instagram\" rel=\"nofollow noopener\">\n\n             <svg xmlns=\"http:\/\/www.w3.org\/2000\/svg\" width=\"100%\" viewBox=\"0 0 24 24\">\n            <path d=\"M12 2.163c3.204 0 3.584.012 4.85.07 3.252.148 4.771 1.691 4.919 4.919.058 1.265.069 1.645.069 4.849 0 3.205-.012 3.584-.069 4.849-.149 3.225-1.664 4.771-4.919 4.919-1.266.058-1.644.07-4.85.07-3.204 0-3.584-.012-4.849-.07-3.26-.149-4.771-1.699-4.919-4.92-.058-1.265-.07-1.644-.07-4.849 0-3.204.013-3.583.07-4.849.149-3.227 1.664-4.771 4.919-4.919 1.266-.057 1.645-.069 4.849-.069zm0-2.163c-3.259 0-3.667.014-4.947.072-4.358.2-6.78 2.618-6.98 6.98-.059 1.281-.073 1.689-.073 4.948 0 3.259.014 3.668.072 4.948.2 4.358 2.618 6.78 6.98 6.98 1.281.058 1.689.072 4.948.072 3.259 0 3.668-.014 4.948-.072 4.354-.2 6.782-2.618 6.979-6.98.059-1.28.073-1.689.073-4.948 0-3.259-.014-3.667-.072-4.947-.196-4.354-2.617-6.78-6.979-6.98-1.281-.059-1.69-.073-4.949-.073zm0 5.838c-3.403 0-6.162 2.759-6.162 6.162s2.759 6.163 6.162 6.163 6.162-2.759 6.162-6.163c0-3.403-2.759-6.162-6.162-6.162zm0 10.162c-2.209 0-4-1.79-4-4 0-2.209 1.791-4 4-4s4 1.791 4 4c0 2.21-1.791 4-4 4zm6.406-11.845c-.796 0-1.441.645-1.441 1.44s.645 1.44 1.441 1.44c.795 0 1.439-.645 1.439-1.44s-.644-1.44-1.439-1.44z\"\/>\n       <\/svg>\n              <\/a>\n\n                    \n            \n            \n\n    \n    \n    \n    \n    \n    <a class=\"breakdance-link bde-social-icons__icon-wrapper bde-social-icons__icon-linkedin\" href=\"https:\/\/www.linkedin.com\/company\/pure-events-oy\/\" target=\"_self\" data-type=\"url\" aria-label=\"linkedin\" rel=\"nofollow noopener\">\n\n             <svg xmlns=\"http:\/\/www.w3.org\/2000\/svg\" width=\"100%\" viewBox=\"-4 -2 32 32\">\n            <path d=\"M4.98 3.5c0 1.381-1.11 2.5-2.48 2.5s-2.48-1.119-2.48-2.5c0-1.38 1.11-2.5 2.48-2.5s2.48 1.12 2.48 2.5zm.02 4.5h-5v16h5v-16zm7.982 0h-4.968v16h4.969v-8.399c0-4.67 6.029-5.052 6.029 0v8.399h4.988v-10.131c0-7.88-8.922-7.593-11.018-3.714v-2.155z\"\/>\n       <\/svg>\n              <\/a>\n\n                    \n            \n            \n\n    \n    \n    \n    \n    \n    <a class=\"breakdance-link bde-social-icons__icon-wrapper bde-social-icons__icon-youtube\" href=\"https:\/\/youtube.com\/@pureeventsoy?si=fuTRvsWHZS-fV7wE\" target=\"_self\" data-type=\"url\" aria-label=\"youtube\" rel=\"nofollow noopener\">\n\n             <svg xmlns=\"http:\/\/www.w3.org\/2000\/svg\" width=\"100%\" viewBox=\"0 0 24 24\">\n            <path d=\"M19.615 3.184c-3.604-.246-11.631-.245-15.23 0-3.897.266-4.356 2.62-4.385 8.816.029 6.185.484 8.549 4.385 8.816 3.6.245 11.626.246 15.23 0 3.897-.266 4.356-2.62 4.385-8.816-.029-6.185-.484-8.549-4.385-8.816zm-10.615 12.816v-8l8 3.993-8 4.007z\"\/>\n       <\/svg>\n              <\/a>\n\n    \n<\/div>\n<\/div>\n<\/div>\n<\/div><div class=\"bde-form-builder-288-210 bde-form-builder\">\n\n<form id=\"contact-form210\" class=\"breakdance-form breakdance-form--vertical\" data-options=\"{&quot;slug&quot;:&quot;custom&quot;,&quot;name&quot;:&quot;Contact Form&quot;,&quot;ajaxUrl&quot;:&quot;https:\\\/\\\/pureevents.fi\\\/wp-admin\\\/admin-ajax.php&quot;,&quot;clearOnSuccess&quot;:true,&quot;hideOnSuccess&quot;:false,&quot;successMessage&quot;:&quot;Viesti l\\u00e4hetetty&quot;,&quot;errorMessage&quot;:&quot;Error&quot;,&quot;redirect&quot;:false,&quot;redirectUrl&quot;:&quot;&quot;,&quot;customJavaScript&quot;:&quot;&quot;,&quot;recaptcha&quot;:{&quot;key&quot;:&quot;&quot;,&quot;enabled&quot;:false},&quot;honeypot_enabled&quot;:false,&quot;popupsOnSuccess&quot;:[],&quot;popupsOnError&quot;:[]}\" data-steps=\"0\" >\n  \n  \n  \n<div class=\"breakdance-form-field breakdance-form-field--text\" >\n    \n    \n            <label class=\"breakdance-form-field__label\" for=\"name\">\n            Nimi<span class=\"breakdance-form-field__required\">*<\/span>\n        <\/label>\n    \n    <input\n    class=\"breakdance-form-field__input\"\n    id=\"name\"\n    aria-describedby=\"name\"\n    type=\"text\"\n    name=\"fields[name]\"\n    placeholder=\"\"\n    value=\"\"\n                \n        \n        \n    required\n    \n    \n    \n    \n    \n>\n\n\n    \n    \n<\/div>\n\n\n<div class=\"breakdance-form-field breakdance-form-field--email\" >\n    \n    \n            <label class=\"breakdance-form-field__label\" for=\"email\">\n            S\u00e4hk\u00f6posti<span class=\"breakdance-form-field__required\">*<\/span>\n        <\/label>\n    \n    <input\n    class=\"breakdance-form-field__input\"\n    id=\"email\"\n    aria-describedby=\"email\"\n    type=\"email\"\n    name=\"fields[email]\"\n    placeholder=\"\"\n    value=\"\"\n                \n        \n        \n    required\n    \n    \n    \n    \n    \n>\n\n\n    \n    \n<\/div>\n\n\n<div class=\"breakdance-form-field breakdance-form-field--textarea\" >\n    \n    \n            <label class=\"breakdance-form-field__label\" for=\"message\">\n            Viesti<span class=\"breakdance-form-field__required\">*<\/span>\n        <\/label>\n    \n    <textarea\n    class=\"breakdance-form-field__input\"\n    id=\"message\"\n    aria-describedby=\"message\"\n    type=\"textarea\"\n    name=\"fields[message]\"\n        placeholder=\"\"\n    required\n    \n    \n    >\n<\/textarea>\n\n\n    \n    \n<\/div><div class=\"breakdance-form-field breakdance-form-footer\">    \n    \n    \n    \n    \n            \n            <button type=\"submit\" class=\"button-atom button-atom--primary breakdance-form-button breakdance-form-button__submit\"  >\n    \n        <span class=\"button-atom__text\">L\u00e4het\u00e4<\/span>\n\n        \n        \n            <\/button>\n    \n    <input type=\"hidden\" name=\"form_id\" value=\"210\">\n    <input type=\"hidden\" name=\"post_id\" value=\"288\">\n<\/div>\n\n  \n<\/form>\n\n\n<\/div>\n<\/div><\/div><\/div>\n<\/section>","protected":false},"excerpt":{"rendered":"<p>OTA YHTEYTT\u00c4 Pure Eventsin taustalla toimii kokenut ja monipuolinen tiimi, jolla on pitk\u00e4 kokemus tapahtumatuotannosta, markkinointikampanjoiden suunnittelusta ja konseptoinnista sek\u00e4 br\u00e4ndien el\u00e4myksellisest\u00e4 aktivoinnista. MEID\u00c4N TIIMIMME Tiimin vahvuus perustuu luovaan ajatteluun, vahvaan kentt\u00e4osaamiseen ja kykyyn toteuttaa mittavia kokonaisuuksia laadukkaasti alusta loppuun. Tedy Salutskij Founder Cay Salutskij Founder Anton Harju Vastaava tuottaja Olivia Valorinta Tuottaja &#8211; Tapahtumat [&hellip;]<\/p>\n","protected":false},"author":1,"featured_media":0,"parent":0,"menu_order":0,"comment_status":"closed","ping_status":"closed","template":"","meta":{"_breakdance_hide_in_design_set":false,"_breakdance_tags":"","footnotes":""},"class_list":["post-288","page","type-page","status-publish","hentry"],"_links":{"self":[{"href":"https:\/\/pureevents.fi\/en\/wp-json\/wp\/v2\/pages\/288","targetHints":{"allow":["GET"]}}],"collection":[{"href":"https:\/\/pureevents.fi\/en\/wp-json\/wp\/v2\/pages"}],"about":[{"href":"https:\/\/pureevents.fi\/en\/wp-json\/wp\/v2\/types\/page"}],"author":[{"embeddable":true,"href":"https:\/\/pureevents.fi\/en\/wp-json\/wp\/v2\/users\/1"}],"replies":[{"embeddable":true,"href":"https:\/\/pureevents.fi\/en\/wp-json\/wp\/v2\/comments?post=288"}],"version-history":[{"count":16,"href":"https:\/\/pureevents.fi\/en\/wp-json\/wp\/v2\/pages\/288\/revisions"}],"predecessor-version":[{"id":637,"href":"https:\/\/pureevents.fi\/en\/wp-json\/wp\/v2\/pages\/288\/revisions\/637"}],"wp:attachment":[{"href":"https:\/\/pureevents.fi\/en\/wp-json\/wp\/v2\/media?parent=288"}],"curies":[{"name":"wp","href":"https:\/\/api.w.org\/{rel}","templated":true}]}}