{"id":364,"date":"2025-08-18T11:08:47","date_gmt":"2025-08-18T11:08:47","guid":{"rendered":"https:\/\/eloquent-gagarin.65-108-54-10.plesk.page\/?page_id=364"},"modified":"2025-09-09T15:13:58","modified_gmt":"2025-09-09T15:13:58","slug":"mediatuotannot-referenssit","status":"publish","type":"page","link":"https:\/\/pureevents.fi\/en\/mediatuotannot-referenssit\/","title":{"rendered":"Media productions"},"content":{"rendered":"<section class=\"bde-section-364-100 bde-section\">\n  \n  \n\t\n\n\n\n<div class=\"section-container\"><div class=\"bde-div-364-101 bde-div\">\n  \n  \n\t\n\n\n\n<h1 class=\"bde-heading-364-102 bde-heading\">\nPALVELUT\n<\/h1>\n<\/div><div class=\"bde-text-364-103 bde-text\">\nPure Events suunnittelee ja toteuttaa monipuolisia mediatuotantoja, jotka vahvistavat br\u00e4ndien n\u00e4kyvyytt\u00e4 ja tarjoavat yleis\u00f6lle el\u00e4myksi\u00e4 eri kanavissa. Meid\u00e4n osaamisemme kattaa niin livel\u00e4hetykset, nopeatempoisen somesis\u00e4ll\u00f6n kuin laadukkaat yritysvideot \u2013 aina asiakkaan tavoitteisiin r\u00e4\u00e4t\u00e4l\u00f6ityn\u00e4.\n<\/div><h1 class=\"bde-heading-364-104 bde-heading\">\nMEDIATUOTANNOT\n<\/h1><div class=\"bde-text-364-105 bde-text\">\nPure Events vastaa tuotannoista kokonaisvaltaisesti aina ideoinnista ja k\u00e4sikirjoituksesta tekniseen toteutukseen ja jakeluun. Jokainen sis\u00e4lt\u00f6 suunnitellaan niin, ett\u00e4 se sitouttaa yleis\u00f6n, vahvistaa br\u00e4ndiviesti\u00e4 ja tavoittaa oikeat kohderyhm\u00e4t.\n<\/div><div class=\"bde-text-364-106 bde-text\">\nTuotantovalikoimaamme kuuluvat mm.:\n<\/div><div class=\"bde-columns-364-107 bde-columns\"><div class=\"bde-column-364-108 bde-column\">\n  \n  \n\t\n\n\n\n<ul class=\"bde-basic-list-364-135 bde-basic-list\">\n  <li  >    \n          Livel\u00e4hetykset (Twitch, YouTube) \u2013 urheilutapahtumat, konsertit, keskustelut\n      <\/li>\n  <li  >    \n          Lyhytvideot ja some-sis\u00e4ll\u00f6t \u2013 tehokasta n\u00e4kyvyytt\u00e4 eri alustoille\n      <\/li>\n  <li  >    \n          Haastattelut ja dokumentaariset sis\u00e4ll\u00f6t \u2013 tarinat ja ihmiset esiin\n      <\/li>\n<\/ul>\n<\/div><div class=\"bde-column-364-110 bde-column\">\n  \n  \n\t\n\n\n\n<ul class=\"bde-basic-list-364-136 bde-basic-list\">\n  <li  >    \n          Videopodcastit ja \u00e4\u00e4nipodcastit \u2013 syv\u00e4llist\u00e4 keskustelua helposti jaettavassa muodossa\n      <\/li>\n  <li  >    \n          After movie -videot \u2013 tapahtumien parhaat hetket el\u00e4viksi kokemuksiksi\n      <\/li>\n  <li  >    \n          Yritysvideot \u2013 br\u00e4ndin tarina kiinnostavasti ja vakuuttavasti\n      <\/li>\n<\/ul>\n<\/div><\/div><\/div>\n<\/section><section class=\"bde-section-364-115 bde-section\">\n  \n  \n\t\n\n\n\n<div class=\"section-container\"><div class=\"bde-text-364-116 bde-text\">\nMeille mediatuotannot eiv\u00e4t ole vain videoita tai l\u00e4hetyksi\u00e4 \u2013 ne ovat kokemuksia ja tarinoita, jotka j\u00e4\u00e4v\u00e4t el\u00e4m\u00e4\u00e4n yleis\u00f6n mieliin ja jatkavat tapahtuman tai kampanjan elinkaarta my\u00f6s liven j\u00e4lkeen.\n<\/div><\/div>\n<\/section><section class=\"bde-section-364-137 bde-section\">\n  \n  \n\t\n\n\n\n<div class=\"section-container\"><div class=\"bde-columns-364-138 bde-columns\"><div class=\"bde-column-364-139 bde-column\">\n  \n  \n\t\n\n\n\n<h2 class=\"bde-heading-364-140 bde-heading\">\nOTA YHTEYTT\u00c4\n<\/h2><div class=\"bde-div-364-141 bde-div\">\n  \n  \n\t\n\n\n\n<div class=\"bde-grid-364-142 bde-grid\">\n  \n  \n\t\n\n\n\n<div class=\"bde-div-364-143 bde-div\">\n  \n  \n\t\n\n\n\n<div class=\"bde-text-364-144 bde-text\">\nOSOITE:\n<\/div><div class=\"bde-text-364-145 bde-text\">\nOlarinluoma 16, 02200 Espoo\n<\/div>\n<\/div><div class=\"bde-div-364-146 bde-div\">\n  \n  \n\t\n\n\n\n<div class=\"bde-text-364-147 bde-text\">\nEMAIL:\n<\/div><div class=\"bde-text-364-148 bde-text\">\ninfo@pureevents.fi\n<\/div>\n<\/div><div class=\"bde-div-364-149 bde-div\">\n  \n  \n\t\n\n\n\n<div class=\"bde-text-364-150 bde-text\">\nSOSIAALINEN MEDIA:\n<\/div><div class=\"bde-social-icons-364-151 bde-social-icons\">\n                  \n            \n            \n\n    \n    \n    \n    \n    \n    <a class=\"breakdance-link bde-social-icons__icon-wrapper bde-social-icons__icon-facebook\" href=\"https:\/\/www.facebook.com\/share\/1Bgih1znWW\/?mibextid=wwXIfr\" target=\"_self\" data-type=\"url\" aria-label=\"facebook\" rel=\"nofollow noopener\">\n\n             <svg xmlns=\"http:\/\/www.w3.org\/2000\/svg\" width=\"100%\" viewBox=\"0 0 24 24\">\n            <path d=\"M9 8h-3v4h3v12h5v-12h3.642l.358-4h-4v-1.667c0-.955.192-1.333 1.115-1.333h2.885v-5h-3.808c-3.596 0-5.192 1.583-5.192 4.615v3.385z\"\/>\n       <\/svg>\n              <\/a>\n\n                    \n            \n            \n\n    \n    \n    \n    \n    \n    <a class=\"breakdance-link bde-social-icons__icon-wrapper bde-social-icons__icon-instagram\" href=\"https:\/\/www.instagram.com\/pure_events_oy?igsh=ajZjaDBzbmQyNDBy\" target=\"_self\" data-type=\"url\" aria-label=\"instagram\" rel=\"nofollow noopener\">\n\n             <svg xmlns=\"http:\/\/www.w3.org\/2000\/svg\" width=\"100%\" viewBox=\"0 0 24 24\">\n            <path d=\"M12 2.163c3.204 0 3.584.012 4.85.07 3.252.148 4.771 1.691 4.919 4.919.058 1.265.069 1.645.069 4.849 0 3.205-.012 3.584-.069 4.849-.149 3.225-1.664 4.771-4.919 4.919-1.266.058-1.644.07-4.85.07-3.204 0-3.584-.012-4.849-.07-3.26-.149-4.771-1.699-4.919-4.92-.058-1.265-.07-1.644-.07-4.849 0-3.204.013-3.583.07-4.849.149-3.227 1.664-4.771 4.919-4.919 1.266-.057 1.645-.069 4.849-.069zm0-2.163c-3.259 0-3.667.014-4.947.072-4.358.2-6.78 2.618-6.98 6.98-.059 1.281-.073 1.689-.073 4.948 0 3.259.014 3.668.072 4.948.2 4.358 2.618 6.78 6.98 6.98 1.281.058 1.689.072 4.948.072 3.259 0 3.668-.014 4.948-.072 4.354-.2 6.782-2.618 6.979-6.98.059-1.28.073-1.689.073-4.948 0-3.259-.014-3.667-.072-4.947-.196-4.354-2.617-6.78-6.979-6.98-1.281-.059-1.69-.073-4.949-.073zm0 5.838c-3.403 0-6.162 2.759-6.162 6.162s2.759 6.163 6.162 6.163 6.162-2.759 6.162-6.163c0-3.403-2.759-6.162-6.162-6.162zm0 10.162c-2.209 0-4-1.79-4-4 0-2.209 1.791-4 4-4s4 1.791 4 4c0 2.21-1.791 4-4 4zm6.406-11.845c-.796 0-1.441.645-1.441 1.44s.645 1.44 1.441 1.44c.795 0 1.439-.645 1.439-1.44s-.644-1.44-1.439-1.44z\"\/>\n       <\/svg>\n              <\/a>\n\n                    \n            \n            \n\n    \n    \n    \n    \n    \n    <a class=\"breakdance-link bde-social-icons__icon-wrapper bde-social-icons__icon-linkedin\" href=\"https:\/\/www.linkedin.com\/company\/pure-events-oy\/\" target=\"_self\" data-type=\"url\" aria-label=\"linkedin\" rel=\"nofollow noopener\">\n\n             <svg xmlns=\"http:\/\/www.w3.org\/2000\/svg\" width=\"100%\" viewBox=\"-4 -2 32 32\">\n            <path d=\"M4.98 3.5c0 1.381-1.11 2.5-2.48 2.5s-2.48-1.119-2.48-2.5c0-1.38 1.11-2.5 2.48-2.5s2.48 1.12 2.48 2.5zm.02 4.5h-5v16h5v-16zm7.982 0h-4.968v16h4.969v-8.399c0-4.67 6.029-5.052 6.029 0v8.399h4.988v-10.131c0-7.88-8.922-7.593-11.018-3.714v-2.155z\"\/>\n       <\/svg>\n              <\/a>\n\n                    \n            \n            \n\n    \n    \n    \n    \n    \n    <a class=\"breakdance-link bde-social-icons__icon-wrapper bde-social-icons__icon-youtube\" href=\"https:\/\/youtube.com\/@pureeventsoy?si=fuTRvsWHZS-fV7wE\" target=\"_self\" data-type=\"url\" aria-label=\"youtube\" rel=\"nofollow noopener\">\n\n             <svg xmlns=\"http:\/\/www.w3.org\/2000\/svg\" width=\"100%\" viewBox=\"0 0 24 24\">\n            <path d=\"M19.615 3.184c-3.604-.246-11.631-.245-15.23 0-3.897.266-4.356 2.62-4.385 8.816.029 6.185.484 8.549 4.385 8.816 3.6.245 11.626.246 15.23 0 3.897-.266 4.356-2.62 4.385-8.816-.029-6.185-.484-8.549-4.385-8.816zm-10.615 12.816v-8l8 3.993-8 4.007z\"\/>\n       <\/svg>\n              <\/a>\n\n    \n<\/div>\n<\/div>\n<\/div>\n<\/div><div class=\"bde-form-builder-364-152 bde-form-builder\">\n\n<form id=\"contact-form152\" class=\"breakdance-form breakdance-form--vertical\" data-options=\"{&quot;slug&quot;:&quot;custom&quot;,&quot;name&quot;:&quot;Contact Form&quot;,&quot;ajaxUrl&quot;:&quot;https:\\\/\\\/pureevents.fi\\\/wp-admin\\\/admin-ajax.php&quot;,&quot;clearOnSuccess&quot;:true,&quot;hideOnSuccess&quot;:false,&quot;successMessage&quot;:&quot;Viesti l\\u00e4hetetty&quot;,&quot;errorMessage&quot;:&quot;Error&quot;,&quot;redirect&quot;:false,&quot;redirectUrl&quot;:&quot;&quot;,&quot;customJavaScript&quot;:&quot;&quot;,&quot;recaptcha&quot;:{&quot;key&quot;:&quot;&quot;,&quot;enabled&quot;:false},&quot;honeypot_enabled&quot;:false,&quot;popupsOnSuccess&quot;:[],&quot;popupsOnError&quot;:[]}\" data-steps=\"0\" >\n  \n  \n  \n<div class=\"breakdance-form-field breakdance-form-field--text\" >\n    \n    \n            <label class=\"breakdance-form-field__label\" for=\"name\">\n            Nimi<span class=\"breakdance-form-field__required\">*<\/span>\n        <\/label>\n    \n    <input\n    class=\"breakdance-form-field__input\"\n    id=\"name\"\n    aria-describedby=\"name\"\n    type=\"text\"\n    name=\"fields[name]\"\n    placeholder=\"\"\n    value=\"\"\n                \n        \n        \n    required\n    \n    \n    \n    \n    \n>\n\n\n    \n    \n<\/div>\n\n\n<div class=\"breakdance-form-field breakdance-form-field--email\" >\n    \n    \n            <label class=\"breakdance-form-field__label\" for=\"email\">\n            S\u00e4hk\u00f6posti<span class=\"breakdance-form-field__required\">*<\/span>\n        <\/label>\n    \n    <input\n    class=\"breakdance-form-field__input\"\n    id=\"email\"\n    aria-describedby=\"email\"\n    type=\"email\"\n    name=\"fields[email]\"\n    placeholder=\"\"\n    value=\"\"\n                \n        \n        \n    required\n    \n    \n    \n    \n    \n>\n\n\n    \n    \n<\/div>\n\n\n<div class=\"breakdance-form-field breakdance-form-field--textarea\" >\n    \n    \n            <label class=\"breakdance-form-field__label\" for=\"message\">\n            Viesti<span class=\"breakdance-form-field__required\">*<\/span>\n        <\/label>\n    \n    <textarea\n    class=\"breakdance-form-field__input\"\n    id=\"message\"\n    aria-describedby=\"message\"\n    type=\"textarea\"\n    name=\"fields[message]\"\n        placeholder=\"\"\n    required\n    \n    \n    >\n<\/textarea>\n\n\n    \n    \n<\/div><div class=\"breakdance-form-field breakdance-form-footer\">    \n    \n    \n    \n    \n            \n            <button type=\"submit\" class=\"button-atom button-atom--primary breakdance-form-button breakdance-form-button__submit\"  >\n    \n        <span class=\"button-atom__text\">L\u00e4het\u00e4<\/span>\n\n        \n        \n            <\/button>\n    \n    <input type=\"hidden\" name=\"form_id\" value=\"152\">\n    <input type=\"hidden\" name=\"post_id\" value=\"364\">\n<\/div>\n\n  \n<\/form>\n\n\n<\/div>\n<\/div><\/div><\/div>\n<\/section>","protected":false},"excerpt":{"rendered":"<p>PALVELUT Pure Events suunnittelee ja toteuttaa monipuolisia mediatuotantoja, jotka vahvistavat br\u00e4ndien n\u00e4kyvyytt\u00e4 ja tarjoavat yleis\u00f6lle el\u00e4myksi\u00e4 eri kanavissa. Meid\u00e4n osaamisemme kattaa niin livel\u00e4hetykset, nopeatempoisen somesis\u00e4ll\u00f6n kuin laadukkaat yritysvideot \u2013 aina asiakkaan tavoitteisiin r\u00e4\u00e4t\u00e4l\u00f6ityn\u00e4. MEDIATUOTANNOT Pure Events vastaa tuotannoista kokonaisvaltaisesti aina ideoinnista ja k\u00e4sikirjoituksesta tekniseen toteutukseen ja jakeluun. Jokainen sis\u00e4lt\u00f6 suunnitellaan niin, ett\u00e4 se sitouttaa yleis\u00f6n, [&hellip;]<\/p>\n","protected":false},"author":1,"featured_media":0,"parent":0,"menu_order":0,"comment_status":"closed","ping_status":"closed","template":"","meta":{"_breakdance_hide_in_design_set":false,"_breakdance_tags":"","footnotes":""},"class_list":["post-364","page","type-page","status-publish","hentry"],"_links":{"self":[{"href":"https:\/\/pureevents.fi\/en\/wp-json\/wp\/v2\/pages\/364","targetHints":{"allow":["GET"]}}],"collection":[{"href":"https:\/\/pureevents.fi\/en\/wp-json\/wp\/v2\/pages"}],"about":[{"href":"https:\/\/pureevents.fi\/en\/wp-json\/wp\/v2\/types\/page"}],"author":[{"embeddable":true,"href":"https:\/\/pureevents.fi\/en\/wp-json\/wp\/v2\/users\/1"}],"replies":[{"embeddable":true,"href":"https:\/\/pureevents.fi\/en\/wp-json\/wp\/v2\/comments?post=364"}],"version-history":[{"count":11,"href":"https:\/\/pureevents.fi\/en\/wp-json\/wp\/v2\/pages\/364\/revisions"}],"predecessor-version":[{"id":655,"href":"https:\/\/pureevents.fi\/en\/wp-json\/wp\/v2\/pages\/364\/revisions\/655"}],"wp:attachment":[{"href":"https:\/\/pureevents.fi\/en\/wp-json\/wp\/v2\/media?parent=364"}],"curies":[{"name":"wp","href":"https:\/\/api.w.org\/{rel}","templated":true}]}}