{"id":365,"date":"2025-08-18T11:09:03","date_gmt":"2025-08-18T11:09:03","guid":{"rendered":"https:\/\/eloquent-gagarin.65-108-54-10.plesk.page\/?page_id=365"},"modified":"2025-09-10T08:22:39","modified_gmt":"2025-09-10T08:22:39","slug":"promootiot-pr-henkilot-referenssit","status":"publish","type":"page","link":"https:\/\/pureevents.fi\/en\/promootiot-pr-henkilot-referenssit\/","title":{"rendered":"Promotions &amp; PR people"},"content":{"rendered":"<section class=\"bde-section-365-104 bde-section\">\n  \n  \n\t\n\n\n\n<div class=\"section-container\"><div class=\"bde-div-365-105 bde-div\">\n  \n  \n\t\n\n\n\n<h1 class=\"bde-heading-365-106 bde-heading\">\nREFERENSSIT\n<\/h1>\n<\/div><div class=\"bde-text-365-107 bde-text\">\nPure Events toteuttaa laadukkaita promootioita ja PR-henkil\u00f6st\u00f6ratkaisuja, jotka vahvistavat br\u00e4ndin n\u00e4kyvyytt\u00e4 ja luovat aitoja kohtaamisia yleis\u00f6n kanssa. Meid\u00e4n osaamisemme n\u00e4kyy niin omissa tapahtumakonsepteissamme kuin asiakkaidemme tilaamissa kampanjoissa ja aktivoinneissa.\n<\/div><h1 class=\"bde-heading-365-108 bde-heading\">\nPROMOOTIOT & PR-HENKIL\u00d6T\n<\/h1><div class=\"bde-text-365-109 bde-text\">\nHuolehdimme henkil\u00f6st\u00f6n rekrytoinnista ja koulutuksesta br\u00e4ndin tarpeiden mukaisesti, jotta jokainen kohtaaminen tukee yrityksen tavoitteita. Jokainen promootio suunnitellaan yksil\u00f6llisesti, jotta br\u00e4ndin viesti v\u00e4littyy tehokkaasti ja j\u00e4\u00e4 mieleen positiivisena kokemuksena.\n<\/div><div class=\"bde-advancedslider-365-144 bde-advancedslider\">\n<div class=\"breakdance-swiper-wrapper\" data-swiper-id=\"144\">\n  <div class=\"swiper\">\n    <div class=\"swiper-wrapper\">\n      <div class=\"bde-advancedslide-365-165 bde-advancedslide swiper-slide\"><div class=\"advanced-slider__slide\">\r\n  <img decoding=\"async\" class=\"bde-image2-365-166 bde-image2\" src=\"https:\/\/pureevents.fi\/wp-content\/uploads\/2025\/08\/pure_pikkukuvakkeet-5.png\" loading=\"lazy\" srcset=\"https:\/\/pureevents.fi\/wp-content\/uploads\/2025\/08\/pure_pikkukuvakkeet-5.png 600w, https:\/\/pureevents.fi\/wp-content\/uploads\/2025\/08\/pure_pikkukuvakkeet-5-300x300.png 300w, https:\/\/pureevents.fi\/wp-content\/uploads\/2025\/08\/pure_pikkukuvakkeet-5-150x150.png 150w\" sizes=\"(max-width: 600px) 100vw, 600px\"><div class=\"bde-rich-text-365-167 bde-rich-text breakdance-rich-text-styles\">\n<p>TEHO<\/p>\n<\/div><div class=\"bde-rich-text-365-168 bde-rich-text breakdance-rich-text-styles\">\n<p data-start=\"948\" data-end=\"1354\">TEHO-tuotemerkin kanssa olemme toteuttaneet erilaisia tuotepromootioita, joissa henkil\u00f6st\u00f6mme huolehtii tuotteiden esittelyst\u00e4 ja jakelusta tapahtumissa. Promootioiden tavoitteena on ollut lis\u00e4t\u00e4 tuotetuntemusta ja luoda positiivisia, el\u00e4myksellisi\u00e4 kohtaamisia yleis\u00f6n kanssa. Henkil\u00f6st\u00f6mme ohjaa k\u00e4vij\u00f6it\u00e4 tuotteiden pariin ja aktivoi osallistumista esimerkiksi maistatus- ja demo-pisteiss\u00e4.<\/p>\n<\/div>\r\n<\/div><\/div><div class=\"bde-advancedslide-365-193 bde-advancedslide swiper-slide\"><div class=\"advanced-slider__slide\">\r\n  <img decoding=\"async\" class=\"bde-image2-365-194 bde-image2\" src=\"https:\/\/pureevents.fi\/wp-content\/uploads\/2025\/08\/pure_pikkukuvakkeet-4.png\" loading=\"lazy\" srcset=\"https:\/\/pureevents.fi\/wp-content\/uploads\/2025\/08\/pure_pikkukuvakkeet-4.png 600w, https:\/\/pureevents.fi\/wp-content\/uploads\/2025\/08\/pure_pikkukuvakkeet-4-300x300.png 300w, https:\/\/pureevents.fi\/wp-content\/uploads\/2025\/08\/pure_pikkukuvakkeet-4-150x150.png 150w\" sizes=\"(max-width: 600px) 100vw, 600px\"><div class=\"bde-rich-text-365-195 bde-rich-text breakdance-rich-text-styles\">\n<p>Kouvolan Lakritsi<\/p>\n<\/div><div class=\"bde-rich-text-365-196 bde-rich-text breakdance-rich-text-styles\">\n<p data-start=\"948\" data-end=\"1354\">Olemme tehneet Kouvolan Lakritsille promootioita ja maistatuksia useamman vuoden ajan. Henkil\u00f6st\u00f6mme on vastannut br\u00e4ndin esittelyst\u00e4 tapahtumissa, tuotteiden jakelusta ja aktiviteettipisteiden hallinnasta. Pitk\u00e4aikainen yhteisty\u00f6 on mahdollistanut br\u00e4ndin jatkuvan n\u00e4kyvyyden ja osallistavat kohtaamiset yleis\u00f6n kanssa eri tapahtumissa.<\/p>\n<\/div>\r\n<\/div><\/div><div class=\"bde-advancedslide-365-145 bde-advancedslide swiper-slide\"><div class=\"advanced-slider__slide\">\r\n  <img decoding=\"async\" class=\"bde-image2-365-146 bde-image2\" src=\"https:\/\/pureevents.fi\/wp-content\/uploads\/2025\/08\/6.png\" loading=\"lazy\" srcset=\"https:\/\/pureevents.fi\/wp-content\/uploads\/2025\/08\/6.png 600w, https:\/\/pureevents.fi\/wp-content\/uploads\/2025\/08\/6-300x300.png 300w, https:\/\/pureevents.fi\/wp-content\/uploads\/2025\/08\/6-150x150.png 150w\" sizes=\"(max-width: 600px) 100vw, 600px\"><div class=\"bde-rich-text-365-147 bde-rich-text breakdance-rich-text-styles\">\n<p>NHL<\/p>\n<\/div><div class=\"bde-rich-text-365-148 bde-rich-text breakdance-rich-text-styles\">\n<p>Kaikkiin Suomen tapahtumiin toimitamme NHL:lle promootiohenkil\u00f6st\u00f6n, joka hoitaa monipuolisesti eri teht\u00e4vi\u00e4. T\u00e4m\u00e4 sis\u00e4lt\u00e4\u00e4 aktiviteettipisteiden ohjauksen, tuotteiden jakamisen, infopisteiden valvonnan sek\u00e4 yleisen vierailijaohjauksen. Henkil\u00f6st\u00f6mme koulutetaan huolellisesti NHL:n br\u00e4ndin ja arvojen mukaisesti, jotta fanien kohtaamiset tapahtumissa ovat innostavia ja johdonmukaisia.<\/p>\n<\/div>\r\n<\/div><\/div><div class=\"bde-advancedslide-365-150 bde-advancedslide swiper-slide\"><div class=\"advanced-slider__slide\">\r\n  <img decoding=\"async\" class=\"bde-image2-365-151 bde-image2\" src=\"https:\/\/pureevents.fi\/wp-content\/uploads\/2025\/08\/pure_pikkukuvakkeet-1.png\" loading=\"lazy\" srcset=\"https:\/\/pureevents.fi\/wp-content\/uploads\/2025\/08\/pure_pikkukuvakkeet-1.png 600w, https:\/\/pureevents.fi\/wp-content\/uploads\/2025\/08\/pure_pikkukuvakkeet-1-300x300.png 300w, https:\/\/pureevents.fi\/wp-content\/uploads\/2025\/08\/pure_pikkukuvakkeet-1-150x150.png 150w\" sizes=\"(max-width: 600px) 100vw, 600px\"><div class=\"bde-rich-text-365-152 bde-rich-text breakdance-rich-text-styles\">\n<p>Skoda<\/p>\n<\/div><div class=\"bde-rich-text-365-153 bde-rich-text breakdance-rich-text-styles\">\n<p>T\u00e4n\u00e4 kes\u00e4n\u00e4 toteutimme Skodalle PR-henkil\u00f6st\u00f6ratkaisuja erilaisiin tapahtumiin ymp\u00e4ri Suomen. Henkil\u00f6st\u00f6mme vastasi br\u00e4ndin edustamisesta tapahtuma-alueilla, tiedon ja materiaalien jakamisesta sek\u00e4 yleis\u00f6n ohjaamisesta aktiviteetteihin. PR-tiimimme varmistivat, ett\u00e4 jokainen asiakaskohtaaminen tukee Skodan br\u00e4ndi\u00e4 ja j\u00e4tt\u00e4\u00e4 positiivisen ja mieleenpainuvan kokemuksen.<\/p>\n<\/div>\r\n<\/div><\/div><div class=\"bde-advancedslide-365-155 bde-advancedslide swiper-slide\"><div class=\"advanced-slider__slide\">\r\n  <img decoding=\"async\" class=\"bde-image2-365-156 bde-image2\" src=\"https:\/\/pureevents.fi\/wp-content\/uploads\/2025\/08\/7.png\" loading=\"lazy\" srcset=\"https:\/\/pureevents.fi\/wp-content\/uploads\/2025\/08\/7.png 600w, https:\/\/pureevents.fi\/wp-content\/uploads\/2025\/08\/7-300x300.png 300w, https:\/\/pureevents.fi\/wp-content\/uploads\/2025\/08\/7-150x150.png 150w\" sizes=\"(max-width: 600px) 100vw, 600px\"><div class=\"bde-rich-text-365-157 bde-rich-text breakdance-rich-text-styles\">\n<p>Finnkino<\/p>\n<\/div><div class=\"bde-rich-text-365-158 bde-rich-text breakdance-rich-text-styles\">\n<p>Pure Events tuottaa Finnkinon elokuvateattereiden painetut markkinointimateriaalit. Lis\u00e4ksi toteutamme kutsuvierasn\u00e4yt\u00f6sten somisteet ja tilakohtaiset tuotannot, kuten punaisen maton elementit, viimeistellen tapahtumien el\u00e4myksellisyyden ja vahvistaen br\u00e4ndi-ilmett\u00e4.<\/p>\n<\/div>\r\n<\/div><\/div><div class=\"bde-advancedslide-365-160 bde-advancedslide swiper-slide\"><div class=\"advanced-slider__slide\">\r\n  <img decoding=\"async\" class=\"bde-image2-365-161 bde-image2\" src=\"https:\/\/pureevents.fi\/wp-content\/uploads\/2025\/08\/pure_pikkukuvakkeet-2.png\" loading=\"lazy\" srcset=\"https:\/\/pureevents.fi\/wp-content\/uploads\/2025\/08\/pure_pikkukuvakkeet-2.png 600w, https:\/\/pureevents.fi\/wp-content\/uploads\/2025\/08\/pure_pikkukuvakkeet-2-300x300.png 300w, https:\/\/pureevents.fi\/wp-content\/uploads\/2025\/08\/pure_pikkukuvakkeet-2-150x150.png 150w\" sizes=\"(max-width: 600px) 100vw, 600px\"><div class=\"bde-rich-text-365-162 bde-rich-text breakdance-rich-text-styles\">\n<p>Viaplay<\/p>\n<\/div><div class=\"bde-rich-text-365-163 bde-rich-text breakdance-rich-text-styles\">\n<p data-start=\"1356\" data-end=\"1744\">Viaplaylle olemme toteuttaneet promootioita ja kampanjoita, joissa henkil\u00f6st\u00f6mme vastaa br\u00e4ndin esilletuomisesta tapahtumissa ja yleis\u00f6n aktivoinnista. Teht\u00e4viin kuuluu muun muassa promootiomateriaalien jako, kampanjaviestien v\u00e4litt\u00e4minen ja yleis\u00f6n ohjaus kampanja-aktiviteetteihin. Tavoitteena on her\u00e4tt\u00e4\u00e4 Viaplayn sis\u00e4lt\u00f6 ja palvelut eloon osallistavilla kohtaamisilla.<\/p>\n<\/div>\r\n<\/div><\/div>\n    <\/div>\n  <\/div>\n\n              <div class=\"swiper-button-prev\">\n            \n        <\/div>\n        <div class=\"swiper-button-next\">\n            \n        <\/div>\n    \n            <div class=\"swiper-pagination\"><\/div>\n    \n<\/div>\n\n<\/div><div class=\"bde-text-365-110 bde-text\">\nTarjoamme kokonaisvaltaisia promootiopalveluja:\n<\/div><div class=\"bde-columns-365-111 bde-columns\"><div class=\"bde-column-365-112 bde-column\">\n  \n  \n\t\n\n\n\n<ul class=\"bde-basic-list-365-136 bde-basic-list\">\n  <li  >    \n          Br\u00e4ndil\u00e4hettil\u00e4\u00e4t ja PR-henkil\u00f6t \u2013 ammattitaitoiset ja helposti l\u00e4hestytt\u00e4v\u00e4t edustajat\n      <\/li>\n  <li  >    \n          Tapahtuma- ja kampanjapromootiot \u2013 br\u00e4ndin viesti ja tuotteet yleis\u00f6n ulottuville\n      <\/li>\n<\/ul>\n<\/div><div class=\"bde-column-365-114 bde-column\">\n  \n  \n\t\n\n\n\n<ul class=\"bde-basic-list-365-137 bde-basic-list\">\n  <li  >    \n          Aktivointipisteet ja maistatukset \u2013 el\u00e4myksellisi\u00e4 ja osallistavia kohtaamisia\n      <\/li>\n  <li  >    \n          Tuotelanseeraukset ja kampanjakiertueet \u2013 n\u00e4kyvyytt\u00e4 oikeissa paikoissa, oikeaan aikaan\n      <\/li>\n<\/ul>\n<\/div><\/div><\/div>\n<\/section><section class=\"bde-section-365-117 bde-section\">\n  \n  \n\t\n\n\n\n<div class=\"section-container\"><div class=\"bde-text-365-135 bde-text\">\nPromootiot ja PR-henkil\u00f6t ovat usein se ensimm\u00e4inen ja t\u00e4rkein kosketuspinta asiakkaan ja br\u00e4ndin v\u00e4lill\u00e4 \u2013 me varmistamme, ett\u00e4 se on onnistunut ja vaikuttava.\n<\/div><\/div>\n<\/section><section class=\"bde-section-365-177 bde-section\">\n  \n  \n\t\n\n\n\n<div class=\"section-container\"><div class=\"bde-columns-365-178 bde-columns\"><div class=\"bde-column-365-179 bde-column\">\n  \n  \n\t\n\n\n\n<h2 class=\"bde-heading-365-180 bde-heading\">\nOTA YHTEYTT\u00c4\n<\/h2><div class=\"bde-div-365-181 bde-div\">\n  \n  \n\t\n\n\n\n<div class=\"bde-grid-365-182 bde-grid\">\n  \n  \n\t\n\n\n\n<div class=\"bde-div-365-183 bde-div\">\n  \n  \n\t\n\n\n\n<div class=\"bde-text-365-184 bde-text\">\nOSOITE:\n<\/div><div class=\"bde-text-365-185 bde-text\">\nOlarinluoma 16, 02200 Espoo\n<\/div>\n<\/div><div class=\"bde-div-365-186 bde-div\">\n  \n  \n\t\n\n\n\n<div class=\"bde-text-365-187 bde-text\">\nEMAIL:\n<\/div><div class=\"bde-text-365-188 bde-text\">\ninfo@pureevents.fi\n<\/div>\n<\/div><div class=\"bde-div-365-189 bde-div\">\n  \n  \n\t\n\n\n\n<div class=\"bde-text-365-190 bde-text\">\nSOSIAALINEN MEDIA:\n<\/div><div class=\"bde-social-icons-365-191 bde-social-icons\">\n                  \n            \n            \n\n    \n    \n    \n    \n    \n    <a class=\"breakdance-link bde-social-icons__icon-wrapper bde-social-icons__icon-facebook\" href=\"https:\/\/www.facebook.com\/share\/1Bgih1znWW\/?mibextid=wwXIfr\" target=\"_self\" data-type=\"url\" aria-label=\"facebook\" rel=\"nofollow noopener\">\n\n             <svg xmlns=\"http:\/\/www.w3.org\/2000\/svg\" width=\"100%\" viewBox=\"0 0 24 24\">\n            <path d=\"M9 8h-3v4h3v12h5v-12h3.642l.358-4h-4v-1.667c0-.955.192-1.333 1.115-1.333h2.885v-5h-3.808c-3.596 0-5.192 1.583-5.192 4.615v3.385z\"\/>\n       <\/svg>\n              <\/a>\n\n                    \n            \n            \n\n    \n    \n    \n    \n    \n    <a class=\"breakdance-link bde-social-icons__icon-wrapper bde-social-icons__icon-instagram\" href=\"https:\/\/www.instagram.com\/pure_events_oy?igsh=ajZjaDBzbmQyNDBy\" target=\"_self\" data-type=\"url\" aria-label=\"instagram\" rel=\"nofollow noopener\">\n\n             <svg xmlns=\"http:\/\/www.w3.org\/2000\/svg\" width=\"100%\" viewBox=\"0 0 24 24\">\n            <path d=\"M12 2.163c3.204 0 3.584.012 4.85.07 3.252.148 4.771 1.691 4.919 4.919.058 1.265.069 1.645.069 4.849 0 3.205-.012 3.584-.069 4.849-.149 3.225-1.664 4.771-4.919 4.919-1.266.058-1.644.07-4.85.07-3.204 0-3.584-.012-4.849-.07-3.26-.149-4.771-1.699-4.919-4.92-.058-1.265-.07-1.644-.07-4.849 0-3.204.013-3.583.07-4.849.149-3.227 1.664-4.771 4.919-4.919 1.266-.057 1.645-.069 4.849-.069zm0-2.163c-3.259 0-3.667.014-4.947.072-4.358.2-6.78 2.618-6.98 6.98-.059 1.281-.073 1.689-.073 4.948 0 3.259.014 3.668.072 4.948.2 4.358 2.618 6.78 6.98 6.98 1.281.058 1.689.072 4.948.072 3.259 0 3.668-.014 4.948-.072 4.354-.2 6.782-2.618 6.979-6.98.059-1.28.073-1.689.073-4.948 0-3.259-.014-3.667-.072-4.947-.196-4.354-2.617-6.78-6.979-6.98-1.281-.059-1.69-.073-4.949-.073zm0 5.838c-3.403 0-6.162 2.759-6.162 6.162s2.759 6.163 6.162 6.163 6.162-2.759 6.162-6.163c0-3.403-2.759-6.162-6.162-6.162zm0 10.162c-2.209 0-4-1.79-4-4 0-2.209 1.791-4 4-4s4 1.791 4 4c0 2.21-1.791 4-4 4zm6.406-11.845c-.796 0-1.441.645-1.441 1.44s.645 1.44 1.441 1.44c.795 0 1.439-.645 1.439-1.44s-.644-1.44-1.439-1.44z\"\/>\n       <\/svg>\n              <\/a>\n\n                    \n            \n            \n\n    \n    \n    \n    \n    \n    <a class=\"breakdance-link bde-social-icons__icon-wrapper bde-social-icons__icon-linkedin\" href=\"https:\/\/www.linkedin.com\/company\/pure-events-oy\/\" target=\"_self\" data-type=\"url\" aria-label=\"linkedin\" rel=\"nofollow noopener\">\n\n             <svg xmlns=\"http:\/\/www.w3.org\/2000\/svg\" width=\"100%\" viewBox=\"-4 -2 32 32\">\n            <path d=\"M4.98 3.5c0 1.381-1.11 2.5-2.48 2.5s-2.48-1.119-2.48-2.5c0-1.38 1.11-2.5 2.48-2.5s2.48 1.12 2.48 2.5zm.02 4.5h-5v16h5v-16zm7.982 0h-4.968v16h4.969v-8.399c0-4.67 6.029-5.052 6.029 0v8.399h4.988v-10.131c0-7.88-8.922-7.593-11.018-3.714v-2.155z\"\/>\n       <\/svg>\n              <\/a>\n\n                    \n            \n            \n\n    \n    \n    \n    \n    \n    <a class=\"breakdance-link bde-social-icons__icon-wrapper bde-social-icons__icon-youtube\" href=\"https:\/\/youtube.com\/@pureeventsoy?si=fuTRvsWHZS-fV7wE\" target=\"_self\" data-type=\"url\" aria-label=\"youtube\" rel=\"nofollow noopener\">\n\n             <svg xmlns=\"http:\/\/www.w3.org\/2000\/svg\" width=\"100%\" viewBox=\"0 0 24 24\">\n            <path d=\"M19.615 3.184c-3.604-.246-11.631-.245-15.23 0-3.897.266-4.356 2.62-4.385 8.816.029 6.185.484 8.549 4.385 8.816 3.6.245 11.626.246 15.23 0 3.897-.266 4.356-2.62 4.385-8.816-.029-6.185-.484-8.549-4.385-8.816zm-10.615 12.816v-8l8 3.993-8 4.007z\"\/>\n       <\/svg>\n              <\/a>\n\n    \n<\/div>\n<\/div>\n<\/div>\n<\/div><div class=\"bde-form-builder-365-192 bde-form-builder\">\n\n<form id=\"contact-form192\" class=\"breakdance-form breakdance-form--vertical\" data-options=\"{&quot;slug&quot;:&quot;custom&quot;,&quot;name&quot;:&quot;Contact Form&quot;,&quot;ajaxUrl&quot;:&quot;https:\\\/\\\/pureevents.fi\\\/wp-admin\\\/admin-ajax.php&quot;,&quot;clearOnSuccess&quot;:true,&quot;hideOnSuccess&quot;:false,&quot;successMessage&quot;:&quot;Viesti l\\u00e4hetetty&quot;,&quot;errorMessage&quot;:&quot;Error&quot;,&quot;redirect&quot;:false,&quot;redirectUrl&quot;:&quot;&quot;,&quot;customJavaScript&quot;:&quot;&quot;,&quot;recaptcha&quot;:{&quot;key&quot;:&quot;&quot;,&quot;enabled&quot;:false},&quot;honeypot_enabled&quot;:false,&quot;popupsOnSuccess&quot;:[],&quot;popupsOnError&quot;:[]}\" data-steps=\"0\" >\n  \n  \n  \n<div class=\"breakdance-form-field breakdance-form-field--text\" >\n    \n    \n            <label class=\"breakdance-form-field__label\" for=\"name\">\n            Nimi<span class=\"breakdance-form-field__required\">*<\/span>\n        <\/label>\n    \n    <input\n    class=\"breakdance-form-field__input\"\n    id=\"name\"\n    aria-describedby=\"name\"\n    type=\"text\"\n    name=\"fields[name]\"\n    placeholder=\"\"\n    value=\"\"\n                \n        \n        \n    required\n    \n    \n    \n    \n    \n>\n\n\n    \n    \n<\/div>\n\n\n<div class=\"breakdance-form-field breakdance-form-field--email\" >\n    \n    \n            <label class=\"breakdance-form-field__label\" for=\"email\">\n            S\u00e4hk\u00f6posti<span class=\"breakdance-form-field__required\">*<\/span>\n        <\/label>\n    \n    <input\n    class=\"breakdance-form-field__input\"\n    id=\"email\"\n    aria-describedby=\"email\"\n    type=\"email\"\n    name=\"fields[email]\"\n    placeholder=\"\"\n    value=\"\"\n                \n        \n        \n    required\n    \n    \n    \n    \n    \n>\n\n\n    \n    \n<\/div>\n\n\n<div class=\"breakdance-form-field breakdance-form-field--textarea\" >\n    \n    \n            <label class=\"breakdance-form-field__label\" for=\"message\">\n            Viesti<span class=\"breakdance-form-field__required\">*<\/span>\n        <\/label>\n    \n    <textarea\n    class=\"breakdance-form-field__input\"\n    id=\"message\"\n    aria-describedby=\"message\"\n    type=\"textarea\"\n    name=\"fields[message]\"\n        placeholder=\"\"\n    required\n    \n    \n    >\n<\/textarea>\n\n\n    \n    \n<\/div><div class=\"breakdance-form-field breakdance-form-footer\">    \n    \n    \n    \n    \n            \n            <button type=\"submit\" class=\"button-atom button-atom--primary breakdance-form-button breakdance-form-button__submit\"  >\n    \n        <span class=\"button-atom__text\">L\u00e4het\u00e4<\/span>\n\n        \n        \n            <\/button>\n    \n    <input type=\"hidden\" name=\"form_id\" value=\"192\">\n    <input type=\"hidden\" name=\"post_id\" value=\"365\">\n<\/div>\n\n  \n<\/form>\n\n\n<\/div>\n<\/div><\/div><\/div>\n<\/section>","protected":false},"excerpt":{"rendered":"<p>REFERENSSIT Pure Events toteuttaa laadukkaita promootioita ja PR-henkil\u00f6st\u00f6ratkaisuja, jotka vahvistavat br\u00e4ndin n\u00e4kyvyytt\u00e4 ja luovat aitoja kohtaamisia yleis\u00f6n kanssa. Meid\u00e4n osaamisemme n\u00e4kyy niin omissa tapahtumakonsepteissamme kuin asiakkaidemme tilaamissa kampanjoissa ja aktivoinneissa. PROMOOTIOT &#038; PR-HENKIL\u00d6T Huolehdimme henkil\u00f6st\u00f6n rekrytoinnista ja koulutuksesta br\u00e4ndin tarpeiden mukaisesti, jotta jokainen kohtaaminen tukee yrityksen tavoitteita. Jokainen promootio suunnitellaan yksil\u00f6llisesti, jotta br\u00e4ndin viesti v\u00e4littyy [&hellip;]<\/p>\n","protected":false},"author":1,"featured_media":0,"parent":0,"menu_order":0,"comment_status":"closed","ping_status":"closed","template":"","meta":{"_breakdance_hide_in_design_set":false,"_breakdance_tags":"","footnotes":""},"class_list":["post-365","page","type-page","status-publish","hentry"],"_links":{"self":[{"href":"https:\/\/pureevents.fi\/en\/wp-json\/wp\/v2\/pages\/365","targetHints":{"allow":["GET"]}}],"collection":[{"href":"https:\/\/pureevents.fi\/en\/wp-json\/wp\/v2\/pages"}],"about":[{"href":"https:\/\/pureevents.fi\/en\/wp-json\/wp\/v2\/types\/page"}],"author":[{"embeddable":true,"href":"https:\/\/pureevents.fi\/en\/wp-json\/wp\/v2\/users\/1"}],"replies":[{"embeddable":true,"href":"https:\/\/pureevents.fi\/en\/wp-json\/wp\/v2\/comments?post=365"}],"version-history":[{"count":14,"href":"https:\/\/pureevents.fi\/en\/wp-json\/wp\/v2\/pages\/365\/revisions"}],"predecessor-version":[{"id":679,"href":"https:\/\/pureevents.fi\/en\/wp-json\/wp\/v2\/pages\/365\/revisions\/679"}],"wp:attachment":[{"href":"https:\/\/pureevents.fi\/en\/wp-json\/wp\/v2\/media?parent=365"}],"curies":[{"name":"wp","href":"https:\/\/api.w.org\/{rel}","templated":true}]}}