{"id":397,"date":"2025-08-19T21:34:28","date_gmt":"2025-08-19T21:34:28","guid":{"rendered":"https:\/\/pureevents.fi\/?page_id=397"},"modified":"2025-10-23T11:04:55","modified_gmt":"2025-10-23T11:04:55","slug":"sponsorointi-kumppanuudet","status":"publish","type":"page","link":"https:\/\/pureevents.fi\/en\/sponsorointi-kumppanuudet\/","title":{"rendered":"Sponsorointi &amp; kumppanuudet"},"content":{"rendered":"<section class=\"bde-section-397-196 bde-section\">\n              \n  \n  \n\t    \n      <div class=\"section-background-video\">\n              <video\n          autoplay\n          muted\n                      playsinline\n                                loop\n                          >\n        <source src=\"https:\/\/customer-y98otk4ubqjlo9j7.cloudflarestream.com\/f53e769c2af9f6c69d67a66f9b035357\/downloads\/default.mp4\" type=\"video\/mp4\" \/>\n      <\/video>\n      <\/div>\n\n\n  <div class=\"section-background-overlay\"><\/div>\n\n\n<div class=\"section-container\"><div class=\"bde-text-397-197 bde-text\">\nPALVELUT\n<\/div><\/div>\n<\/section><section class=\"bde-section-397-100 bde-section\">\n  \n  \n\t\n\n\n\n<div class=\"section-container\"><div class=\"bde-text-397-103 bde-text\">\nPure Events suunnittelee ja toteuttaa kumppanuuksia omissa tapahtumakonsepteissaan ymp\u00e4ri vuoden. Rakennamme yhteisty\u00f6mahdollisuuksia, joissa br\u00e4ndit voivat olla mukana luomassa el\u00e4myksi\u00e4 ja kohtaamassa yleis\u00f6n ainutlaatuisella tavalla \u2013 niin tapahtuma-alueilla, sis\u00e4lt\u00f6yhteisty\u00f6n kautta kuin sosiaalisen median kanavissa.\n<\/div><h1 class=\"bde-heading-397-104 bde-heading\">\nSPONSOROINTI & KUMPPANUUDET\n<\/h1><div class=\"bde-text-397-179 bde-text\">\nPure Events tarjoaa br\u00e4ndeille monipuolisia yhteisty\u00f6mahdollisuuksia omien tapahtumakonseptiemme kautta. Kumppanit voivat osallistua tapahtuma-alueilla, sosiaalisessa mediassa ja sis\u00e4lt\u00f6yhteisty\u00f6n kautta, luoden el\u00e4myksellisi\u00e4 ja mieleenpainuvia kohtaamisia yleis\u00f6n kanssa.\n<\/div><div class=\"bde-advancedslider-397-138 bde-advancedslider\" data-parallax=\"false\">\n<div class=\"breakdance-swiper-wrapper\" data-swiper-id=\"138\">\n  <div class=\"swiper\">\n    <div class=\"swiper-wrapper\">\n      <div class=\"bde-advancedslide-397-139 bde-advancedslide swiper-slide\"><div class=\"advanced-slider__slide\">\r\n  <img decoding=\"async\" class=\"bde-image2-397-140 bde-image2\" src=\"https:\/\/pureevents.fi\/wp-content\/uploads\/2025\/08\/1.png\" loading=\"lazy\" srcset=\"https:\/\/pureevents.fi\/wp-content\/uploads\/2025\/08\/1.png 600w, https:\/\/pureevents.fi\/wp-content\/uploads\/2025\/08\/1-300x300.png 300w, https:\/\/pureevents.fi\/wp-content\/uploads\/2025\/08\/1-150x150.png 150w\" sizes=\"(max-width: 600px) 100vw, 600px\"><div class=\"bde-rich-text-397-141 bde-rich-text breakdance-rich-text-styles\">\n<p>Pond Hockey World Cup<\/p>\n<\/div><div class=\"bde-rich-text-397-142 bde-rich-text breakdance-rich-text-styles\">\n<p data-start=\"74\" data-end=\"332\">Pond Hockey World Cup on ainutlaatuinen j\u00e4\u00e4kiekkotapahtuma Levill\u00e4, jossa Lapin uniikki ymp\u00e4rist\u00f6 ja turnauksen vahva tunnelma luovat br\u00e4ndeille poikkeuksellisen n\u00e4kyvyysalustan. Kumppanuus tarjoaa monipuolisia n\u00e4kyvyysmahdollisuuksia tapahtuma-alueen br\u00e4nd\u00e4yksest\u00e4 nimikkokenttiin, promootiopisteisiin, staff- sek\u00e4 tuomariasuihin ja interaktiivisiin aktivointeihin. Lis\u00e4ksi tapahtuma tavoittaa 1,5-2 miljoonaa kontaktia tapahtumissa, sosiaalisessa mediassa ja ansaitussa mediassa, tarjoten br\u00e4ndeille el\u00e4myksellisen ja pysyv\u00e4n muistij\u00e4ljen.<\/p>\n<\/div><div class=\"bde-button-397-143 bde-button\">\n        \n    \n    \n    \n    \n            \n                    \n            \n            \n\n    \n    \n    \n    \n    \n    <a class=\"breakdance-link button-atom button-atom--primary bde-button__button\" href=\"mailto:info@pondhockey4all.com?subject=&body=\" target=\"_blank\" data-type=\"contact\"  >\n\n    \n        <span class=\"button-atom__text\">Pyyd\u00e4 tarjous<\/span>\n\n        \n        \n                <\/a>\n\n    \n\n\n<\/div>\r\n<\/div><\/div><div class=\"bde-advancedslide-397-154 bde-advancedslide swiper-slide\"><div class=\"advanced-slider__slide\">\r\n  <img decoding=\"async\" class=\"bde-image2-397-155 bde-image2\" src=\"https:\/\/pureevents.fi\/wp-content\/uploads\/2025\/08\/2.png\" loading=\"lazy\" srcset=\"https:\/\/pureevents.fi\/wp-content\/uploads\/2025\/08\/2.png 600w, https:\/\/pureevents.fi\/wp-content\/uploads\/2025\/08\/2-300x300.png 300w, https:\/\/pureevents.fi\/wp-content\/uploads\/2025\/08\/2-150x150.png 150w\" sizes=\"(max-width: 600px) 100vw, 600px\"><div class=\"bde-rich-text-397-156 bde-rich-text breakdance-rich-text-styles\">\n<p>OUTLOUD<\/p>\n<\/div><div class=\"bde-rich-text-397-157 bde-rich-text breakdance-rich-text-styles\">\n<p data-start=\"84\" data-end=\"472\">OUTLOUD kokoaa rap-musiikin ja kaupunkikulttuurin yst\u00e4v\u00e4t, tarjoten br\u00e4ndeille vaikuttavan v\u00e4yl\u00e4n tavoittaa nuoret ja trenditietoiset kohderyhm\u00e4t. Kumppanuus voi n\u00e4ky\u00e4 esiintyj\u00e4- ja yleis\u00f6kokemuksissa, br\u00e4nd\u00e4tyiss\u00e4 aktivointipisteiss\u00e4, sis\u00e4lt\u00f6yhteisty\u00f6ss\u00e4 ja kampanjamateriaaleissa.<\/p><p data-start=\"84\" data-end=\"472\">Toteutukset suunnitellaan tapahtuman urbaania tyyli\u00e4 kunnioittaen, jolloin n\u00e4kyvyys nivoutuu luontevasti kokonaisuuteen. OUTLOUD tavoittaa noin miljoona kontaktia live-el\u00e4mysten, sosiaalisen median ja ansaitun median kautta.<\/p>\n<\/div><div class=\"bde-button-397-158 bde-button\">\n        \n    \n    \n    \n    \n            \n                    \n            \n            \n\n    \n    \n    \n    \n    \n    <a class=\"breakdance-link button-atom button-atom--primary bde-button__button\" href=\"mailto:info@pureevents.fi?subject=&body=\" target=\"_blank\" data-type=\"contact\"  >\n\n    \n        <span class=\"button-atom__text\">Pyyd\u00e4 tarjous<\/span>\n\n        \n        \n                <\/a>\n\n    \n\n\n<\/div>\r\n<\/div><\/div><div class=\"bde-advancedslide-397-159 bde-advancedslide swiper-slide\"><div class=\"advanced-slider__slide\">\r\n  <img decoding=\"async\" class=\"bde-image2-397-160 bde-image2\" src=\"https:\/\/pureevents.fi\/wp-content\/uploads\/2025\/08\/3.png\" loading=\"lazy\" srcset=\"https:\/\/pureevents.fi\/wp-content\/uploads\/2025\/08\/3.png 600w, https:\/\/pureevents.fi\/wp-content\/uploads\/2025\/08\/3-300x300.png 300w, https:\/\/pureevents.fi\/wp-content\/uploads\/2025\/08\/3-150x150.png 150w\" sizes=\"(max-width: 600px) 100vw, 600px\"><div class=\"bde-rich-text-397-161 bde-rich-text breakdance-rich-text-styles\">\n<p>St Hockey Tour<\/p>\n<\/div><div class=\"bde-rich-text-397-162 bde-rich-text breakdance-rich-text-styles\">\n<p data-start=\"127\" data-end=\"553\">Street Hockey Tour tarjoaa br\u00e4ndeille monipuolisia ja r\u00e4\u00e4t\u00e4l\u00f6ityj\u00e4 kumppanuusmahdollisuuksia koko kiertueen laajuisesti. N\u00e4kyvyys voi toteutua esimerkiksi mainospinnoissa, aktiviteettipisteiss\u00e4, promootioissa, br\u00e4nd\u00e4tyiss\u00e4 peliasuissa tai digitaalisissa ratkaisuissa, ja lis\u00e4arvoa tuovat nimikkokumppanuudet sek\u00e4 t\u00e4hdist\u00f6ottelujen erityisn\u00e4kyvyydet.<\/p><p data-start=\"127\" data-end=\"553\">Kiertue tavoittaa vuosittain noin 2,5 miljoonaa kontaktia tapahtumien, sosiaalisen median, ansaitun median ja vaikuttajayhteist\u00f6iden kautta. Jokainen kumppanuus suunnitellaan yksil\u00f6llisesti, jotta br\u00e4ndi puhuttelee kohdeyleis\u00f6\u00e4 oikealla tavalla.<\/p>\n<\/div><div class=\"bde-button-397-163 bde-button\">\n        \n    \n    \n    \n    \n            \n                    \n            \n            \n\n    \n    \n    \n    \n    \n    <a class=\"breakdance-link button-atom button-atom--primary bde-button__button\" href=\"mailto:info@sthockey.com?subject=&body=\" target=\"_blank\" data-type=\"contact\"  >\n\n    \n        <span class=\"button-atom__text\">Pyyd\u00e4 tarjous<\/span>\n\n        \n        \n                <\/a>\n\n    \n\n\n<\/div>\r\n<\/div><\/div><div class=\"bde-advancedslide-397-164 bde-advancedslide swiper-slide\"><div class=\"advanced-slider__slide\">\r\n  <img decoding=\"async\" class=\"bde-image2-397-165 bde-image2\" src=\"https:\/\/pureevents.fi\/wp-content\/uploads\/2025\/08\/4.png\" loading=\"lazy\" srcset=\"https:\/\/pureevents.fi\/wp-content\/uploads\/2025\/08\/4.png 600w, https:\/\/pureevents.fi\/wp-content\/uploads\/2025\/08\/4-300x300.png 300w, https:\/\/pureevents.fi\/wp-content\/uploads\/2025\/08\/4-150x150.png 150w\" sizes=\"(max-width: 600px) 100vw, 600px\"><div class=\"bde-rich-text-397-166 bde-rich-text breakdance-rich-text-styles\">\n<p>Reactio<\/p>\n<\/div><div class=\"bde-rich-text-397-167 bde-rich-text breakdance-rich-text-styles\">\n<p data-pm-slice=\"0 0 []\">Reactio on monikanavainen urheilu- ja viihdemedia, joka tuottaa artikkeleita, videoita ja sis\u00e4lt\u00f6j\u00e4 digitaalisissa kanavissa. Kumppanuudet voivat sis\u00e4lt\u00e4\u00e4 sponsorointia mediatuotannoissa, br\u00e4ndin n\u00e4kyvyytt\u00e4 jutuissa ja videoissa sek\u00e4 kampanjoiden ja promootioiden toteutusta median kautta. Kokonaistavoittavuus on noin 500 000 kontaktia, ja Reactio mahdollistaa br\u00e4ndin tarinan kertomisen urheilun ja viihteen yleis\u00f6lle laadukkaassa sis\u00e4lt\u00f6ymp\u00e4rist\u00f6ss\u00e4.<\/p>\n<\/div><div class=\"bde-button-397-168 bde-button\">\n        \n    \n    \n    \n    \n            \n                    \n            \n            \n\n    \n    \n    \n    \n    \n    <a class=\"breakdance-link button-atom button-atom--primary bde-button__button\" href=\"mailto:info@pureevents.fi?subject=&body=\" target=\"_blank\" data-type=\"contact\"  >\n\n    \n        <span class=\"button-atom__text\">Pyyd\u00e4 tarjous<\/span>\n\n        \n        \n                <\/a>\n\n    \n\n\n<\/div>\r\n<\/div><\/div><div class=\"bde-advancedslide-397-169 bde-advancedslide swiper-slide\"><div class=\"advanced-slider__slide\">\r\n  <img decoding=\"async\" class=\"bde-image2-397-170 bde-image2\" src=\"https:\/\/pureevents.fi\/wp-content\/uploads\/2025\/08\/5.png\" loading=\"lazy\" srcset=\"https:\/\/pureevents.fi\/wp-content\/uploads\/2025\/08\/5.png 600w, https:\/\/pureevents.fi\/wp-content\/uploads\/2025\/08\/5-300x300.png 300w, https:\/\/pureevents.fi\/wp-content\/uploads\/2025\/08\/5-150x150.png 150w\" sizes=\"(max-width: 600px) 100vw, 600px\"><div class=\"bde-rich-text-397-171 bde-rich-text breakdance-rich-text-styles\">\n<p>SportsGamer<\/p>\n<\/div><div class=\"bde-rich-text-397-172 bde-rich-text breakdance-rich-text-styles\">\n<p data-start=\"2247\" data-end=\"2749\">SportsGamer on e-urheiluun keskittyv\u00e4 digitaalinen alusta ja yhteis\u00f6, joka tarjoaa turnauksia, striimej\u00e4 ja online-aktiviteetteja ymp\u00e4ri vuoden. Kumppaneille t\u00e4m\u00e4 tarkoittaa mahdollisuutta n\u00e4ky\u00e4 turnauksissa, stream-l\u00e4hetyksiss\u00e4, digitaalisten kanavien kampanjoissa ja kohdennetuissa tuotepromootioissa. Alustan tavoittavuus on noin <strong data-start=\"2616\" data-end=\"2653\">500 000 kontaktia kuukausitasolla<\/strong>, mik\u00e4 tarjoaa br\u00e4ndeille suoran yhteyden sitoutuneeseen ja kansainv\u00e4liseen e-urheiluyleis\u00f6\u00f6n.<\/p>\n<\/div><div class=\"bde-button-397-173 bde-button\">\n        \n    \n    \n    \n    \n            \n                    \n            \n            \n\n    \n    \n    \n    \n    \n    <a class=\"breakdance-link button-atom button-atom--primary bde-button__button\" href=\"mailto:info@pureevents.fi?subject=&body=\" target=\"_blank\" data-type=\"contact\"  >\n\n    \n        <span class=\"button-atom__text\">Pyyd\u00e4 tarjous<\/span>\n\n        \n        \n                <\/a>\n\n    \n\n\n<\/div>\r\n<\/div><\/div>\n    <\/div>\n  <\/div>\n\n              <div class=\"swiper-button-prev\">\n            \n        <\/div>\n        <div class=\"swiper-button-next\">\n            \n        <\/div>\n    \n            <div class=\"swiper-pagination\"><\/div>\n    \n<\/div>\n\n<\/div><div class=\"bde-text-397-105 bde-text\">\nLis\u00e4ksi hy\u00f6dynn\u00e4mme laajaa asiakas- ja kumppaniverkostoamme ja v\u00e4lit\u00e4mme br\u00e4ndej\u00e4 sopiviin toteutuksiin osana muiden organisaatioiden tapahtumia ja projekteja. N\u00e4in varmistamme, ett\u00e4 kumppanuudet tukevat molempien osapuolten tavoitteita ja tuottavat lis\u00e4arvoa yleis\u00f6lle.\n<\/div><div class=\"bde-text-397-132 bde-text\">\nPure Events tarjoaa r\u00e4\u00e4t\u00e4l\u00f6ityj\u00e4 ja tavoitteisiin sidottuja sponsorointikokonaisuuksia, joiden avulla br\u00e4ndi tavoittaa oikean kohderyhm\u00e4n tehokkaasti \u2013 osana el\u00e4myksi\u00e4, jotka j\u00e4\u00e4v\u00e4t mieleen.\n<\/div><div class=\"bde-columns-397-203 bde-columns\"><div class=\"bde-column-397-204 bde-column\">\n  \n  \n\t\n\n\n\n<div class=\"bde-text-397-198 bde-text\">\nVaraa 30 min tapaaminen t\u00e4st\u00e4, niin k\u00e4yd\u00e4\u00e4n l\u00e4pi teille sopivimmat mahdollisuudet:\n<\/div>\n<\/div><div class=\"bde-column-397-205 bde-column\">\n  \n  \n\t\n\n\n\n<div class=\"bde-button-397-199 bde-button\">\n        \n    \n    \n    \n    \n            \n                    \n            \n            \n\n    \n    \n    \n    \n    \n    <a class=\"breakdance-link button-atom button-atom--primary bde-button__button\" href=\"https:\/\/calendly.com\/anton-pureevents\/30min\" target=\"_self\" data-type=\"url\" rel=\"nofollow noopener\">\n\n    \n        <span class=\"button-atom__text\">Varaa aika  30min neuvotteluun<\/span>\n\n        \n        \n                <\/a>\n\n    \n\n\n<\/div>\n<\/div><\/div><\/div>\n<\/section><section class=\"bde-section-397-180 bde-section\">\n  \n  \n\t\n\n\n\n<div class=\"section-container\"><div class=\"bde-columns-397-181 bde-columns\"><div class=\"bde-column-397-182 bde-column\">\n  \n  \n\t\n\n\n\n<h2 class=\"bde-heading-397-183 bde-heading\">\nOTA YHTEYTT\u00c4\n<\/h2><div class=\"bde-div-397-184 bde-div\">\n  \n  \n\t\n\n\n\n<div class=\"bde-grid-397-185 bde-grid\">\n  \n  \n\t\n\n\n\n<div class=\"bde-div-397-186 bde-div\">\n  \n  \n\t\n\n\n\n<div class=\"bde-text-397-187 bde-text\">\nOSOITE:\n<\/div><div class=\"bde-text-397-188 bde-text\">\nOlarinluoma 16, 02200 Espoo\n<\/div>\n<\/div><div class=\"bde-div-397-189 bde-div\">\n  \n  \n\t\n\n\n\n<div class=\"bde-text-397-190 bde-text\">\nEMAIL:\n<\/div><div class=\"bde-text-397-191 bde-text\">\ninfo@pureevents.fi\n<\/div>\n<\/div><div class=\"bde-div-397-192 bde-div\">\n  \n  \n\t\n\n\n\n<div class=\"bde-text-397-193 bde-text\">\nSOSIAALINEN MEDIA:\n<\/div><div class=\"bde-social-icons-397-194 bde-social-icons\">\n                  \n            \n            \n\n    \n    \n    \n    \n    \n    <a class=\"breakdance-link bde-social-icons__icon-wrapper bde-social-icons__icon-facebook\" href=\"https:\/\/www.facebook.com\/share\/1Bgih1znWW\/?mibextid=wwXIfr\" target=\"_self\" data-type=\"url\" aria-label=\"facebook\" rel=\"nofollow noopener\">\n\n             <svg xmlns=\"http:\/\/www.w3.org\/2000\/svg\" width=\"100%\" viewBox=\"0 0 24 24\">\n            <path d=\"M9 8h-3v4h3v12h5v-12h3.642l.358-4h-4v-1.667c0-.955.192-1.333 1.115-1.333h2.885v-5h-3.808c-3.596 0-5.192 1.583-5.192 4.615v3.385z\"\/>\n       <\/svg>\n              <\/a>\n\n                    \n            \n            \n\n    \n    \n    \n    \n    \n    <a class=\"breakdance-link bde-social-icons__icon-wrapper bde-social-icons__icon-instagram\" href=\"https:\/\/www.instagram.com\/pure_events_oy?igsh=ajZjaDBzbmQyNDBy\" target=\"_self\" data-type=\"url\" aria-label=\"instagram\" rel=\"nofollow noopener\">\n\n             <svg xmlns=\"http:\/\/www.w3.org\/2000\/svg\" width=\"100%\" viewBox=\"0 0 24 24\">\n            <path d=\"M12 2.163c3.204 0 3.584.012 4.85.07 3.252.148 4.771 1.691 4.919 4.919.058 1.265.069 1.645.069 4.849 0 3.205-.012 3.584-.069 4.849-.149 3.225-1.664 4.771-4.919 4.919-1.266.058-1.644.07-4.85.07-3.204 0-3.584-.012-4.849-.07-3.26-.149-4.771-1.699-4.919-4.92-.058-1.265-.07-1.644-.07-4.849 0-3.204.013-3.583.07-4.849.149-3.227 1.664-4.771 4.919-4.919 1.266-.057 1.645-.069 4.849-.069zm0-2.163c-3.259 0-3.667.014-4.947.072-4.358.2-6.78 2.618-6.98 6.98-.059 1.281-.073 1.689-.073 4.948 0 3.259.014 3.668.072 4.948.2 4.358 2.618 6.78 6.98 6.98 1.281.058 1.689.072 4.948.072 3.259 0 3.668-.014 4.948-.072 4.354-.2 6.782-2.618 6.979-6.98.059-1.28.073-1.689.073-4.948 0-3.259-.014-3.667-.072-4.947-.196-4.354-2.617-6.78-6.979-6.98-1.281-.059-1.69-.073-4.949-.073zm0 5.838c-3.403 0-6.162 2.759-6.162 6.162s2.759 6.163 6.162 6.163 6.162-2.759 6.162-6.163c0-3.403-2.759-6.162-6.162-6.162zm0 10.162c-2.209 0-4-1.79-4-4 0-2.209 1.791-4 4-4s4 1.791 4 4c0 2.21-1.791 4-4 4zm6.406-11.845c-.796 0-1.441.645-1.441 1.44s.645 1.44 1.441 1.44c.795 0 1.439-.645 1.439-1.44s-.644-1.44-1.439-1.44z\"\/>\n       <\/svg>\n              <\/a>\n\n                    \n            \n            \n\n    \n    \n    \n    \n    \n    <a class=\"breakdance-link bde-social-icons__icon-wrapper bde-social-icons__icon-linkedin\" href=\"https:\/\/www.linkedin.com\/company\/pure-events-oy\/\" target=\"_self\" data-type=\"url\" aria-label=\"linkedin\" rel=\"nofollow noopener\">\n\n             <svg xmlns=\"http:\/\/www.w3.org\/2000\/svg\" width=\"100%\" viewBox=\"-4 -2 32 32\">\n            <path d=\"M4.98 3.5c0 1.381-1.11 2.5-2.48 2.5s-2.48-1.119-2.48-2.5c0-1.38 1.11-2.5 2.48-2.5s2.48 1.12 2.48 2.5zm.02 4.5h-5v16h5v-16zm7.982 0h-4.968v16h4.969v-8.399c0-4.67 6.029-5.052 6.029 0v8.399h4.988v-10.131c0-7.88-8.922-7.593-11.018-3.714v-2.155z\"\/>\n       <\/svg>\n              <\/a>\n\n                    \n            \n            \n\n    \n    \n    \n    \n    \n    <a class=\"breakdance-link bde-social-icons__icon-wrapper bde-social-icons__icon-youtube\" href=\"https:\/\/youtube.com\/@pureeventsoy?si=fuTRvsWHZS-fV7wE\" target=\"_self\" data-type=\"url\" aria-label=\"youtube\" rel=\"nofollow noopener\">\n\n             <svg xmlns=\"http:\/\/www.w3.org\/2000\/svg\" width=\"100%\" viewBox=\"0 0 24 24\">\n            <path d=\"M19.615 3.184c-3.604-.246-11.631-.245-15.23 0-3.897.266-4.356 2.62-4.385 8.816.029 6.185.484 8.549 4.385 8.816 3.6.245 11.626.246 15.23 0 3.897-.266 4.356-2.62 4.385-8.816-.029-6.185-.484-8.549-4.385-8.816zm-10.615 12.816v-8l8 3.993-8 4.007z\"\/>\n       <\/svg>\n              <\/a>\n\n    \n<\/div>\n<\/div>\n<\/div>\n<\/div><div class=\"bde-form-builder-397-195 bde-form-builder\">\n\n<form id=\"contact-form195\" class=\"breakdance-form breakdance-form--vertical\" data-options=\"{&quot;slug&quot;:&quot;custom&quot;,&quot;name&quot;:&quot;Contact Form&quot;,&quot;ajaxUrl&quot;:&quot;https:\\\/\\\/pureevents.fi\\\/wp-admin\\\/admin-ajax.php&quot;,&quot;clearOnSuccess&quot;:true,&quot;hideOnSuccess&quot;:false,&quot;successMessage&quot;:&quot;Viesti l\\u00e4hetetty&quot;,&quot;errorMessage&quot;:&quot;Error&quot;,&quot;redirect&quot;:false,&quot;redirectUrl&quot;:&quot;&quot;,&quot;customJavaScript&quot;:&quot;&quot;,&quot;recaptcha&quot;:{&quot;key&quot;:&quot;&quot;,&quot;enabled&quot;:false},&quot;honeypot_enabled&quot;:false,&quot;popupsOnSuccess&quot;:[],&quot;popupsOnError&quot;:[]}\" data-steps=\"0\" >\n  \n  \n  \n<div class=\"breakdance-form-field breakdance-form-field--text\" >\n    \n    \n            <label class=\"breakdance-form-field__label\" for=\"name\">\n            Nimi<span class=\"breakdance-form-field__required\">*<\/span>\n        <\/label>\n    \n    <input\n    class=\"breakdance-form-field__input\"\n    id=\"name\"\n    aria-describedby=\"name\"\n    type=\"text\"\n    name=\"fields[name]\"\n    placeholder=\"\"\n    value=\"\"\n                \n        \n        \n    required\n    \n    \n    \n    \n    \n>\n\n\n    \n    \n<\/div>\n\n\n<div class=\"breakdance-form-field breakdance-form-field--email\" >\n    \n    \n            <label class=\"breakdance-form-field__label\" for=\"email\">\n            S\u00e4hk\u00f6posti<span class=\"breakdance-form-field__required\">*<\/span>\n        <\/label>\n    \n    <input\n    class=\"breakdance-form-field__input\"\n    id=\"email\"\n    aria-describedby=\"email\"\n    type=\"email\"\n    name=\"fields[email]\"\n    placeholder=\"\"\n    value=\"\"\n                \n        \n        \n    required\n    \n    \n    \n    \n    \n>\n\n\n    \n    \n<\/div>\n\n\n<div class=\"breakdance-form-field breakdance-form-field--textarea\" >\n    \n    \n            <label class=\"breakdance-form-field__label\" for=\"message\">\n            Viesti<span class=\"breakdance-form-field__required\">*<\/span>\n        <\/label>\n    \n    <textarea\n    class=\"breakdance-form-field__input\"\n    id=\"message\"\n    aria-describedby=\"message\"\n    type=\"textarea\"\n    name=\"fields[message]\"\n        placeholder=\"\"\n    required\n    \n    \n    >\n<\/textarea>\n\n\n    \n    \n<\/div><div class=\"breakdance-form-field breakdance-form-footer\">    \n    \n    \n    \n    \n            \n            <button type=\"submit\" class=\"button-atom button-atom--primary breakdance-form-button breakdance-form-button__submit\"  >\n    \n        <span class=\"button-atom__text\">L\u00e4het\u00e4<\/span>\n\n        \n        \n            <\/button>\n    \n    <input type=\"hidden\" name=\"form_id\" value=\"195\">\n    <input type=\"hidden\" name=\"post_id\" value=\"397\">\n<\/div>\n\n  \n<\/form>\n\n\n<\/div>\n<\/div><\/div><\/div>\n<\/section>","protected":false},"excerpt":{"rendered":"<p>PALVELUT Pure Events suunnittelee ja toteuttaa kumppanuuksia omissa tapahtumakonsepteissaan ymp\u00e4ri vuoden. Rakennamme yhteisty\u00f6mahdollisuuksia, joissa br\u00e4ndit voivat olla mukana luomassa el\u00e4myksi\u00e4 ja kohtaamassa yleis\u00f6n ainutlaatuisella tavalla \u2013 niin tapahtuma-alueilla, sis\u00e4lt\u00f6yhteisty\u00f6n kautta kuin sosiaalisen median kanavissa. SPONSOROINTI &#038; KUMPPANUUDET Pure Events tarjoaa br\u00e4ndeille monipuolisia yhteisty\u00f6mahdollisuuksia omien tapahtumakonseptiemme kautta. Kumppanit voivat osallistua tapahtuma-alueilla, sosiaalisessa mediassa ja sis\u00e4lt\u00f6yhteisty\u00f6n kautta, [&hellip;]<\/p>\n","protected":false},"author":1,"featured_media":0,"parent":0,"menu_order":0,"comment_status":"closed","ping_status":"closed","template":"","meta":{"_breakdance_hide_in_design_set":false,"_breakdance_tags":"","footnotes":""},"class_list":["post-397","page","type-page","status-publish","hentry"],"_links":{"self":[{"href":"https:\/\/pureevents.fi\/en\/wp-json\/wp\/v2\/pages\/397","targetHints":{"allow":["GET"]}}],"collection":[{"href":"https:\/\/pureevents.fi\/en\/wp-json\/wp\/v2\/pages"}],"about":[{"href":"https:\/\/pureevents.fi\/en\/wp-json\/wp\/v2\/types\/page"}],"author":[{"embeddable":true,"href":"https:\/\/pureevents.fi\/en\/wp-json\/wp\/v2\/users\/1"}],"replies":[{"embeddable":true,"href":"https:\/\/pureevents.fi\/en\/wp-json\/wp\/v2\/comments?post=397"}],"version-history":[{"count":26,"href":"https:\/\/pureevents.fi\/en\/wp-json\/wp\/v2\/pages\/397\/revisions"}],"predecessor-version":[{"id":694,"href":"https:\/\/pureevents.fi\/en\/wp-json\/wp\/v2\/pages\/397\/revisions\/694"}],"wp:attachment":[{"href":"https:\/\/pureevents.fi\/en\/wp-json\/wp\/v2\/media?parent=397"}],"curies":[{"name":"wp","href":"https:\/\/api.w.org\/{rel}","templated":true}]}}